{"id":1615,"date":"2022-03-18T13:16:45","date_gmt":"2022-03-18T13:16:45","guid":{"rendered":"https:\/\/dev.dasfischerboot.de\/?page_id=1615"},"modified":"2022-06-10T08:12:13","modified_gmt":"2022-06-10T08:12:13","slug":"einblick","status":"publish","type":"page","link":"https:\/\/dasfischerboot.de\/en\/einblick\/","title":{"rendered":"Einblick"},"content":{"rendered":"<div data-elementor-type=\"wp-page\" data-elementor-id=\"1615\" class=\"elementor elementor-1615\" data-elementor-post-type=\"page\">\n\t\t\t\t\t\t<section class=\"elementor-section elementor-top-section elementor-element elementor-element-bc5da25 elementor-section-boxed elementor-section-height-default elementor-section-height-default\" data-id=\"bc5da25\" data-element_type=\"section\" data-e-type=\"section\">\n\t\t\t\t\t\t<div class=\"elementor-container elementor-column-gap-default\">\n\t\t\t\t\t<div class=\"elementor-column elementor-col-50 elementor-top-column elementor-element elementor-element-b759a71\" data-id=\"b759a71\" data-element_type=\"column\" data-e-type=\"column\">\n\t\t\t<div class=\"elementor-widget-wrap elementor-element-populated\">\n\t\t\t\t\t\t<div class=\"elementor-element elementor-element-8b3fd62 elementor-widget elementor-widget-heading\" data-id=\"8b3fd62\" data-element_type=\"widget\" data-e-type=\"widget\" data-widget_type=\"heading.default\">\n\t\t\t\t\t<h1 class=\"elementor-heading-title elementor-size-default\">Einblick<\/h1>\t\t\t\t<\/div>\n\t\t\t\t<div class=\"elementor-element elementor-element-0f52b46 elementor-widget elementor-widget-spacer\" data-id=\"0f52b46\" data-element_type=\"widget\" data-e-type=\"widget\" data-widget_type=\"spacer.default\">\n\t\t\t\t\t\t\t<div class=\"elementor-spacer\">\n\t\t\t<div class=\"elementor-spacer-inner\"><\/div>\n\t\t<\/div>\n\t\t\t\t\t\t<\/div>\n\t\t\t\t\t<\/div>\n\t\t<\/div>\n\t\t\t\t<div class=\"elementor-column elementor-col-50 elementor-top-column elementor-element elementor-element-12b9a53\" data-id=\"12b9a53\" data-element_type=\"column\" data-e-type=\"column\">\n\t\t\t<div class=\"elementor-widget-wrap\">\n\t\t\t\t\t\t\t<\/div>\n\t\t<\/div>\n\t\t\t\t\t<\/div>\n\t\t<\/section>\n\t\t\t\t<section class=\"elementor-section elementor-top-section elementor-element elementor-element-6cfdcec elementor-section-boxed elementor-section-height-default elementor-section-height-default\" data-id=\"6cfdcec\" data-element_type=\"section\" data-e-type=\"section\">\n\t\t\t\t\t\t<div class=\"elementor-container elementor-column-gap-default\">\n\t\t\t\t\t<div class=\"elementor-column elementor-col-50 elementor-top-column elementor-element elementor-element-22f3acb\" data-id=\"22f3acb\" data-element_type=\"column\" data-e-type=\"column\">\n\t\t\t<div class=\"elementor-widget-wrap elementor-element-populated\">\n\t\t\t\t\t\t<div class=\"elementor-element elementor-element-7bfeb5b elementor-widget elementor-widget-heading\" data-id=\"7bfeb5b\" data-element_type=\"widget\" data-e-type=\"widget\" data-widget_type=\"heading.default\">\n\t\t\t\t\t<h2 class=\"elementor-heading-title elementor-size-default\">Crew<\/h2>\t\t\t\t<\/div>\n\t\t\t\t<div class=\"elementor-element elementor-element-2730d9b elementor-widget elementor-widget-text-editor\" data-id=\"2730d9b\" data-element_type=\"widget\" data-e-type=\"widget\" data-widget_type=\"text-editor.default\">\n\t\t\t\t\t\t\t\t\t<p>Das Fischerboot wird als private Initiative in Zusammenarbeit mit der Kurverwaltung Wangerland angeboten. Die Organisatoren sind bibelorientierte Christen,\u00a0die ehrenamtlich in ihrer Freizeit Aktivit\u00e4ten f\u00fcr Kinder und Jugendliche anbieten.<\/p>\t\t\t\t\t\t\t\t<\/div>\n\t\t\t\t<div class=\"elementor-element elementor-element-811259b elementor-widget elementor-widget-spacer\" data-id=\"811259b\" data-element_type=\"widget\" data-e-type=\"widget\" data-widget_type=\"spacer.default\">\n\t\t\t\t\t\t\t<div class=\"elementor-spacer\">\n\t\t\t<div class=\"elementor-spacer-inner\"><\/div>\n\t\t<\/div>\n\t\t\t\t\t\t<\/div>\n\t\t\t\t\t<\/div>\n\t\t<\/div>\n\t\t\t\t<div class=\"elementor-column elementor-col-50 elementor-top-column elementor-element elementor-element-1157256\" data-id=\"1157256\" data-element_type=\"column\" data-e-type=\"column\">\n\t\t\t<div class=\"elementor-widget-wrap elementor-element-populated\">\n\t\t\t\t\t\t<div class=\"elementor-element elementor-element-0960013 elementor-widget elementor-widget-image\" data-id=\"0960013\" data-element_type=\"widget\" data-e-type=\"widget\" data-widget_type=\"image.default\">\n\t\t\t\t\t\t\t\t\t\t\t\t\t\t\t<img fetchpriority=\"high\" decoding=\"async\" width=\"768\" height=\"577\" src=\"https:\/\/dasfischerboot.de\/wp-content\/uploads\/Crew_Fischerboot-768x577.jpg\" class=\"attachment-medium_large size-medium_large wp-image-2378\" alt=\"\" srcset=\"https:\/\/dasfischerboot.de\/wp-content\/uploads\/Crew_Fischerboot-768x577.jpg 768w, https:\/\/dasfischerboot.de\/wp-content\/uploads\/Crew_Fischerboot-300x225.jpg 300w, https:\/\/dasfischerboot.de\/wp-content\/uploads\/Crew_Fischerboot-1024x769.jpg 1024w, https:\/\/dasfischerboot.de\/wp-content\/uploads\/Crew_Fischerboot-1536x1154.jpg 1536w, https:\/\/dasfischerboot.de\/wp-content\/uploads\/Crew_Fischerboot-2048x1538.jpg 2048w\" sizes=\"(max-width: 768px) 100vw, 768px\" \/>\t\t\t\t\t\t\t\t\t\t\t\t\t\t\t<\/div>\n\t\t\t\t\t<\/div>\n\t\t<\/div>\n\t\t\t\t\t<\/div>\n\t\t<\/section>\n\t\t\t\t<section class=\"elementor-section elementor-top-section elementor-element elementor-element-48cd9d8 elementor-section-boxed elementor-section-height-default elementor-section-height-default\" data-id=\"48cd9d8\" data-element_type=\"section\" data-e-type=\"section\">\n\t\t\t\t\t\t<div class=\"elementor-container elementor-column-gap-default\">\n\t\t\t\t\t<div class=\"elementor-column elementor-col-50 elementor-top-column elementor-element elementor-element-4c5ce97\" data-id=\"4c5ce97\" data-element_type=\"column\" data-e-type=\"column\">\n\t\t\t<div class=\"elementor-widget-wrap elementor-element-populated\">\n\t\t\t\t\t\t<div class=\"elementor-element elementor-element-9d60d1c elementor-widget elementor-widget-image\" data-id=\"9d60d1c\" data-element_type=\"widget\" data-e-type=\"widget\" data-widget_type=\"image.default\">\n\t\t\t\t\t\t\t\t\t\t\t\t\t\t\t<img decoding=\"async\" width=\"768\" height=\"498\" src=\"https:\/\/dasfischerboot.de\/wp-content\/uploads\/Team_Fischerboot.-1-768x498.jpg\" class=\"attachment-medium_large size-medium_large wp-image-2366\" alt=\"\" srcset=\"https:\/\/dasfischerboot.de\/wp-content\/uploads\/Team_Fischerboot.-1-768x498.jpg 768w, https:\/\/dasfischerboot.de\/wp-content\/uploads\/Team_Fischerboot.-1-300x194.jpg 300w, https:\/\/dasfischerboot.de\/wp-content\/uploads\/Team_Fischerboot.-1-1024x664.jpg 1024w, https:\/\/dasfischerboot.de\/wp-content\/uploads\/Team_Fischerboot.-1-1536x995.jpg 1536w, https:\/\/dasfischerboot.de\/wp-content\/uploads\/Team_Fischerboot.-1-2048x1327.jpg 2048w\" sizes=\"(max-width: 768px) 100vw, 768px\" \/>\t\t\t\t\t\t\t\t\t\t\t\t\t\t\t<\/div>\n\t\t\t\t\t<\/div>\n\t\t<\/div>\n\t\t\t\t<div class=\"elementor-column elementor-col-50 elementor-top-column elementor-element elementor-element-5d92808\" data-id=\"5d92808\" data-element_type=\"column\" data-e-type=\"column\">\n\t\t\t<div class=\"elementor-widget-wrap elementor-element-populated\">\n\t\t\t\t\t\t<div class=\"elementor-element elementor-element-96e8e31 elementor-widget elementor-widget-heading\" data-id=\"96e8e31\" data-element_type=\"widget\" data-e-type=\"widget\" data-widget_type=\"heading.default\">\n\t\t\t\t\t<h2 class=\"elementor-heading-title elementor-size-default\">Seem\u00e4nner und Frauen mit Profil<\/h2>\t\t\t\t<\/div>\n\t\t\t\t<div class=\"elementor-element elementor-element-3f7d703 elementor-widget elementor-widget-text-editor\" data-id=\"3f7d703\" data-element_type=\"widget\" data-e-type=\"widget\" data-widget_type=\"text-editor.default\">\n\t\t\t\t\t\t\t\t\t<p>Das Team setzt sich zusammen aus ausgebildeten Erziehern, P\u00e4dagogen und vielen freiwilligen Mitarbeitern. Unser Ziel ist, neben Spa\u00df und vielen Aktivit\u00e4ten, den Kindern und Jugendlichen christliche Werte zu vermitteln und Inhalte der Bibel vorzustellen. Die Arbeit des Fischerbootes wird durch die Menschen gepr\u00e4gt, die mitarbeiten, von ihrer Beziehung untereinander und ihrer pers\u00f6nlichen Beziehung zu Gott.<\/p>\t\t\t\t\t\t\t\t<\/div>\n\t\t\t\t<div class=\"elementor-element elementor-element-4f50d0f elementor-widget elementor-widget-spacer\" data-id=\"4f50d0f\" data-element_type=\"widget\" data-e-type=\"widget\" data-widget_type=\"spacer.default\">\n\t\t\t\t\t\t\t<div class=\"elementor-spacer\">\n\t\t\t<div class=\"elementor-spacer-inner\"><\/div>\n\t\t<\/div>\n\t\t\t\t\t\t<\/div>\n\t\t\t\t\t<\/div>\n\t\t<\/div>\n\t\t\t\t\t<\/div>\n\t\t<\/section>\n\t\t\t\t<section class=\"elementor-section elementor-top-section elementor-element elementor-element-8d37817 elementor-section-boxed elementor-section-height-default elementor-section-height-default\" data-id=\"8d37817\" data-element_type=\"section\" data-e-type=\"section\">\n\t\t\t\t\t\t<div class=\"elementor-container elementor-column-gap-default\">\n\t\t\t\t\t<div class=\"elementor-column elementor-col-50 elementor-top-column elementor-element elementor-element-9fc21a2\" data-id=\"9fc21a2\" data-element_type=\"column\" data-e-type=\"column\">\n\t\t\t<div class=\"elementor-widget-wrap elementor-element-populated\">\n\t\t\t\t\t\t<div class=\"elementor-element elementor-element-691afb4 elementor-widget elementor-widget-heading\" data-id=\"691afb4\" data-element_type=\"widget\" data-e-type=\"widget\" data-widget_type=\"heading.default\">\n\t\t\t\t\t<h2 class=\"elementor-heading-title elementor-size-default\">Spielregeln an Deck<\/h2>\t\t\t\t<\/div>\n\t\t\t\t<div class=\"elementor-element elementor-element-c509858 elementor-widget elementor-widget-text-editor\" data-id=\"c509858\" data-element_type=\"widget\" data-e-type=\"widget\" data-widget_type=\"text-editor.default\">\n\t\t\t\t\t\t\t\t\t<p><span style=\"font-size: 1rem;\">Die Teilnahme an allen Veranstaltungen ist kostenlos.\u00a0<\/span><span style=\"font-size: 1rem;\">Diese erfolgen im Rahmen eines offenen Treffs. Wir \u00fcbernehmen daher weder die Betreuung noch die Aufsichtspflichten f\u00fcr Ihr Kind, da die Teilnahme freiwillig erfolgt und sich Ihr Kind jederzeit wieder frei von der Veranstaltung entfernen kann. Die Aufsichtspflicht verbleibt w\u00e4hrend der Veranstaltungen weiterhin bei Ihnen als Erziehungsberechtigten.<\/span><\/p><p>Mit der Teilnahme Ihres Kindes erkl\u00e4ren Sie sich damit einverstanden.<\/p>\t\t\t\t\t\t\t\t<\/div>\n\t\t\t\t<div class=\"elementor-element elementor-element-e173a59 elementor-widget elementor-widget-spacer\" data-id=\"e173a59\" data-element_type=\"widget\" data-e-type=\"widget\" data-widget_type=\"spacer.default\">\n\t\t\t\t\t\t\t<div class=\"elementor-spacer\">\n\t\t\t<div class=\"elementor-spacer-inner\"><\/div>\n\t\t<\/div>\n\t\t\t\t\t\t<\/div>\n\t\t\t\t\t<\/div>\n\t\t<\/div>\n\t\t\t\t<div class=\"elementor-column elementor-col-50 elementor-top-column elementor-element elementor-element-08f188c\" data-id=\"08f188c\" data-element_type=\"column\" data-e-type=\"column\">\n\t\t\t<div class=\"elementor-widget-wrap elementor-element-populated\">\n\t\t\t\t\t\t<div class=\"elementor-element elementor-element-82ecec4 elementor-widget elementor-widget-image\" data-id=\"82ecec4\" data-element_type=\"widget\" data-e-type=\"widget\" data-widget_type=\"image.default\">\n\t\t\t\t\t\t\t\t\t\t\t\t\t\t\t<img decoding=\"async\" width=\"768\" height=\"512\" src=\"https:\/\/dasfischerboot.de\/wp-content\/uploads\/Kinderprogramm-02_Fischerboot-Schillig-768x512.jpg\" class=\"attachment-medium_large size-medium_large wp-image-1799\" alt=\"\" srcset=\"https:\/\/dasfischerboot.de\/wp-content\/uploads\/Kinderprogramm-02_Fischerboot-Schillig-768x512.jpg 768w, https:\/\/dasfischerboot.de\/wp-content\/uploads\/Kinderprogramm-02_Fischerboot-Schillig-300x200.jpg 300w, https:\/\/dasfischerboot.de\/wp-content\/uploads\/Kinderprogramm-02_Fischerboot-Schillig-1024x683.jpg 1024w, https:\/\/dasfischerboot.de\/wp-content\/uploads\/Kinderprogramm-02_Fischerboot-Schillig-1536x1024.jpg 1536w, https:\/\/dasfischerboot.de\/wp-content\/uploads\/Kinderprogramm-02_Fischerboot-Schillig-2048x1365.jpg 2048w\" sizes=\"(max-width: 768px) 100vw, 768px\" \/>\t\t\t\t\t\t\t\t\t\t\t\t\t\t\t<\/div>\n\t\t\t\t\t<\/div>\n\t\t<\/div>\n\t\t\t\t\t<\/div>\n\t\t<\/section>\n\t\t\t\t<\/div>","protected":false},"excerpt":{"rendered":"<p>Crew Das Fischerboot wird als private Initiative in Zusammenarbeit mit der Kurverwaltung Wangerland angeboten. Die Organisatoren sind bibelorientierte Christen,\u00a0die ehrenamtlich in ihrer Freizeit Aktivit\u00e4ten f\u00fcr Kinder und Jugendliche anbieten. Seem\u00e4nner und Frauen mit Profil Das Team setzt sich zusammen aus ausgebildeten Erziehern, P\u00e4dagogen und vielen freiwilligen Mitarbeitern. Unser Ziel ist, neben Spa\u00df und vielen Aktivit\u00e4ten, [&hellip;]<\/p>\n","protected":false},"author":1,"featured_media":0,"parent":0,"menu_order":0,"comment_status":"closed","ping_status":"closed","template":"","meta":{"footnotes":""},"class_list":["post-1615","page","type-page","status-publish","hentry"],"acf":[],"yoast_head":"<!-- This site is optimized with the Yoast SEO plugin v27.5 - https:\/\/yoast.com\/product\/yoast-seo-wordpress\/ -->\n<title>Einblick - Das Fischerboot<\/title>\n<meta name=\"robots\" content=\"index, follow, max-snippet:-1, max-image-preview:large, max-video-preview:-1\" \/>\n<link rel=\"canonical\" href=\"https:\/\/dasfischerboot.de\/en\/einblick\/\" \/>\n<meta property=\"og:locale\" content=\"en_US\" \/>\n<meta property=\"og:type\" content=\"article\" \/>\n<meta property=\"og:title\" content=\"Einblick - Das Fischerboot\" \/>\n<meta property=\"og:description\" content=\"Crew Das Fischerboot wird als private Initiative in Zusammenarbeit mit der Kurverwaltung Wangerland angeboten. Die Organisatoren sind bibelorientierte Christen,\u00a0die ehrenamtlich in ihrer Freizeit Aktivit\u00e4ten f\u00fcr Kinder und Jugendliche anbieten. Seem\u00e4nner und Frauen mit Profil Das Team setzt sich zusammen aus ausgebildeten Erziehern, P\u00e4dagogen und vielen freiwilligen Mitarbeitern. Unser Ziel ist, neben Spa\u00df und vielen Aktivit\u00e4ten, [&hellip;]\" \/>\n<meta property=\"og:url\" content=\"https:\/\/dasfischerboot.de\/en\/einblick\/\" \/>\n<meta property=\"og:site_name\" content=\"Das Fischerboot\" \/>\n<meta property=\"article:modified_time\" content=\"2022-06-10T08:12:13+00:00\" \/>\n<meta property=\"og:image\" content=\"https:\/\/dev.dasfischerboot.de\/wp-content\/uploads\/Crew_Fischerboot-768x577.jpg\" \/>\n<meta name=\"twitter:card\" content=\"summary_large_image\" \/>\n<meta name=\"twitter:label1\" content=\"Est. reading time\" \/>\n\t<meta name=\"twitter:data1\" content=\"2 minutes\" \/>\n<script type=\"application\/ld+json\" class=\"yoast-schema-graph\">{\"@context\":\"https:\\\/\\\/schema.org\",\"@graph\":[{\"@type\":\"WebPage\",\"@id\":\"https:\\\/\\\/dasfischerboot.de\\\/einblick\\\/\",\"url\":\"https:\\\/\\\/dasfischerboot.de\\\/einblick\\\/\",\"name\":\"Einblick - Das Fischerboot\",\"isPartOf\":{\"@id\":\"https:\\\/\\\/dasfischerboot.de\\\/#website\"},\"primaryImageOfPage\":{\"@id\":\"https:\\\/\\\/dasfischerboot.de\\\/einblick\\\/#primaryimage\"},\"image\":{\"@id\":\"https:\\\/\\\/dasfischerboot.de\\\/einblick\\\/#primaryimage\"},\"thumbnailUrl\":\"https:\\\/\\\/dev.dasfischerboot.de\\\/wp-content\\\/uploads\\\/Crew_Fischerboot-768x577.jpg\",\"datePublished\":\"2022-03-18T13:16:45+00:00\",\"dateModified\":\"2022-06-10T08:12:13+00:00\",\"breadcrumb\":{\"@id\":\"https:\\\/\\\/dasfischerboot.de\\\/einblick\\\/#breadcrumb\"},\"inLanguage\":\"en-US\",\"potentialAction\":[{\"@type\":\"ReadAction\",\"target\":[\"https:\\\/\\\/dasfischerboot.de\\\/einblick\\\/\"]}]},{\"@type\":\"ImageObject\",\"inLanguage\":\"en-US\",\"@id\":\"https:\\\/\\\/dasfischerboot.de\\\/einblick\\\/#primaryimage\",\"url\":\"https:\\\/\\\/dev.dasfischerboot.de\\\/wp-content\\\/uploads\\\/Crew_Fischerboot-768x577.jpg\",\"contentUrl\":\"https:\\\/\\\/dev.dasfischerboot.de\\\/wp-content\\\/uploads\\\/Crew_Fischerboot-768x577.jpg\"},{\"@type\":\"BreadcrumbList\",\"@id\":\"https:\\\/\\\/dasfischerboot.de\\\/einblick\\\/#breadcrumb\",\"itemListElement\":[{\"@type\":\"ListItem\",\"position\":1,\"name\":\"Startseite\",\"item\":\"https:\\\/\\\/dasfischerboot.de\\\/\"},{\"@type\":\"ListItem\",\"position\":2,\"name\":\"Einblick\"}]},{\"@type\":\"WebSite\",\"@id\":\"https:\\\/\\\/dasfischerboot.de\\\/#website\",\"url\":\"https:\\\/\\\/dasfischerboot.de\\\/\",\"name\":\"Das Fischerboot\",\"description\":\"Kinder- und Jugendtreff am Strand in Schillig\",\"publisher\":{\"@id\":\"https:\\\/\\\/dasfischerboot.de\\\/#organization\"},\"potentialAction\":[{\"@type\":\"SearchAction\",\"target\":{\"@type\":\"EntryPoint\",\"urlTemplate\":\"https:\\\/\\\/dasfischerboot.de\\\/?s={search_term_string}\"},\"query-input\":{\"@type\":\"PropertyValueSpecification\",\"valueRequired\":true,\"valueName\":\"search_term_string\"}}],\"inLanguage\":\"en-US\"},{\"@type\":\"Organization\",\"@id\":\"https:\\\/\\\/dasfischerboot.de\\\/#organization\",\"name\":\"Das Fischerboot\",\"url\":\"https:\\\/\\\/dasfischerboot.de\\\/\",\"logo\":{\"@type\":\"ImageObject\",\"inLanguage\":\"en-US\",\"@id\":\"https:\\\/\\\/dasfischerboot.de\\\/#\\\/schema\\\/logo\\\/image\\\/\",\"url\":\"https:\\\/\\\/dasfischerboot.de\\\/wp-content\\\/uploads\\\/Fischerboot-Logo-1.png\",\"contentUrl\":\"https:\\\/\\\/dasfischerboot.de\\\/wp-content\\\/uploads\\\/Fischerboot-Logo-1.png\",\"width\":1500,\"height\":664,\"caption\":\"Das Fischerboot\"},\"image\":{\"@id\":\"https:\\\/\\\/dasfischerboot.de\\\/#\\\/schema\\\/logo\\\/image\\\/\"}}]}<\/script>\n<!-- \/ Yoast SEO plugin. -->","yoast_head_json":{"title":"Einblick - Das Fischerboot","robots":{"index":"index","follow":"follow","max-snippet":"max-snippet:-1","max-image-preview":"max-image-preview:large","max-video-preview":"max-video-preview:-1"},"canonical":"https:\/\/dasfischerboot.de\/en\/einblick\/","og_locale":"en_US","og_type":"article","og_title":"Einblick - Das Fischerboot","og_description":"Crew Das Fischerboot wird als private Initiative in Zusammenarbeit mit der Kurverwaltung Wangerland angeboten. Die Organisatoren sind bibelorientierte Christen,\u00a0die ehrenamtlich in ihrer Freizeit Aktivit\u00e4ten f\u00fcr Kinder und Jugendliche anbieten. Seem\u00e4nner und Frauen mit Profil Das Team setzt sich zusammen aus ausgebildeten Erziehern, P\u00e4dagogen und vielen freiwilligen Mitarbeitern. Unser Ziel ist, neben Spa\u00df und vielen Aktivit\u00e4ten, [&hellip;]","og_url":"https:\/\/dasfischerboot.de\/en\/einblick\/","og_site_name":"Das Fischerboot","article_modified_time":"2022-06-10T08:12:13+00:00","og_image":[{"url":"https:\/\/dev.dasfischerboot.de\/wp-content\/uploads\/Crew_Fischerboot-768x577.jpg","type":"","width":"","height":""}],"twitter_card":"summary_large_image","twitter_misc":{"Est. reading time":"2 minutes"},"schema":{"@context":"https:\/\/schema.org","@graph":[{"@type":"WebPage","@id":"https:\/\/dasfischerboot.de\/einblick\/","url":"https:\/\/dasfischerboot.de\/einblick\/","name":"Einblick - Das Fischerboot","isPartOf":{"@id":"https:\/\/dasfischerboot.de\/#website"},"primaryImageOfPage":{"@id":"https:\/\/dasfischerboot.de\/einblick\/#primaryimage"},"image":{"@id":"https:\/\/dasfischerboot.de\/einblick\/#primaryimage"},"thumbnailUrl":"https:\/\/dev.dasfischerboot.de\/wp-content\/uploads\/Crew_Fischerboot-768x577.jpg","datePublished":"2022-03-18T13:16:45+00:00","dateModified":"2022-06-10T08:12:13+00:00","breadcrumb":{"@id":"https:\/\/dasfischerboot.de\/einblick\/#breadcrumb"},"inLanguage":"en-US","potentialAction":[{"@type":"ReadAction","target":["https:\/\/dasfischerboot.de\/einblick\/"]}]},{"@type":"ImageObject","inLanguage":"en-US","@id":"https:\/\/dasfischerboot.de\/einblick\/#primaryimage","url":"https:\/\/dev.dasfischerboot.de\/wp-content\/uploads\/Crew_Fischerboot-768x577.jpg","contentUrl":"https:\/\/dev.dasfischerboot.de\/wp-content\/uploads\/Crew_Fischerboot-768x577.jpg"},{"@type":"BreadcrumbList","@id":"https:\/\/dasfischerboot.de\/einblick\/#breadcrumb","itemListElement":[{"@type":"ListItem","position":1,"name":"Startseite","item":"https:\/\/dasfischerboot.de\/"},{"@type":"ListItem","position":2,"name":"Einblick"}]},{"@type":"WebSite","@id":"https:\/\/dasfischerboot.de\/#website","url":"https:\/\/dasfischerboot.de\/","name":"Das Fischerboot","description":"Kinder- und Jugendtreff am Strand in Schillig","publisher":{"@id":"https:\/\/dasfischerboot.de\/#organization"},"potentialAction":[{"@type":"SearchAction","target":{"@type":"EntryPoint","urlTemplate":"https:\/\/dasfischerboot.de\/?s={search_term_string}"},"query-input":{"@type":"PropertyValueSpecification","valueRequired":true,"valueName":"search_term_string"}}],"inLanguage":"en-US"},{"@type":"Organization","@id":"https:\/\/dasfischerboot.de\/#organization","name":"Das Fischerboot","url":"https:\/\/dasfischerboot.de\/","logo":{"@type":"ImageObject","inLanguage":"en-US","@id":"https:\/\/dasfischerboot.de\/#\/schema\/logo\/image\/","url":"https:\/\/dasfischerboot.de\/wp-content\/uploads\/Fischerboot-Logo-1.png","contentUrl":"https:\/\/dasfischerboot.de\/wp-content\/uploads\/Fischerboot-Logo-1.png","width":1500,"height":664,"caption":"Das Fischerboot"},"image":{"@id":"https:\/\/dasfischerboot.de\/#\/schema\/logo\/image\/"}}]}},"_links":{"self":[{"href":"https:\/\/dasfischerboot.de\/en\/wp-json\/wp\/v2\/pages\/1615","targetHints":{"allow":["GET"]}}],"collection":[{"href":"https:\/\/dasfischerboot.de\/en\/wp-json\/wp\/v2\/pages"}],"about":[{"href":"https:\/\/dasfischerboot.de\/en\/wp-json\/wp\/v2\/types\/page"}],"author":[{"embeddable":true,"href":"https:\/\/dasfischerboot.de\/en\/wp-json\/wp\/v2\/users\/1"}],"replies":[{"embeddable":true,"href":"https:\/\/dasfischerboot.de\/en\/wp-json\/wp\/v2\/comments?post=1615"}],"version-history":[{"count":62,"href":"https:\/\/dasfischerboot.de\/en\/wp-json\/wp\/v2\/pages\/1615\/revisions"}],"predecessor-version":[{"id":2384,"href":"https:\/\/dasfischerboot.de\/en\/wp-json\/wp\/v2\/pages\/1615\/revisions\/2384"}],"wp:attachment":[{"href":"https:\/\/dasfischerboot.de\/en\/wp-json\/wp\/v2\/media?parent=1615"}],"curies":[{"name":"wp","href":"https:\/\/api.w.org\/{rel}","templated":true}]}}