{"id":1617,"date":"2022-03-18T13:17:13","date_gmt":"2022-03-18T13:17:13","guid":{"rendered":"https:\/\/dev.dasfischerboot.de\/?page_id=1617"},"modified":"2022-06-11T17:37:41","modified_gmt":"2022-06-11T17:37:41","slug":"unterstuetzen","status":"publish","type":"page","link":"https:\/\/dasfischerboot.de\/en\/unterstuetzen\/","title":{"rendered":"Unterst\u00fctzen"},"content":{"rendered":"<div data-elementor-type=\"wp-page\" data-elementor-id=\"1617\" class=\"elementor elementor-1617\" data-elementor-post-type=\"page\">\n\t\t\t\t\t\t<section class=\"elementor-section elementor-top-section elementor-element elementor-element-fa3e1c2 elementor-section-boxed elementor-section-height-default elementor-section-height-default\" data-id=\"fa3e1c2\" data-element_type=\"section\" data-e-type=\"section\">\n\t\t\t\t\t\t<div class=\"elementor-container elementor-column-gap-default\">\n\t\t\t\t\t<div class=\"elementor-column elementor-col-100 elementor-top-column elementor-element elementor-element-7a9329b\" data-id=\"7a9329b\" data-element_type=\"column\" data-e-type=\"column\">\n\t\t\t<div class=\"elementor-widget-wrap elementor-element-populated\">\n\t\t\t\t\t\t<div class=\"elementor-element elementor-element-573ebbb elementor-hidden-mobile elementor-widget elementor-widget-spacer\" data-id=\"573ebbb\" data-element_type=\"widget\" data-e-type=\"widget\" data-widget_type=\"spacer.default\">\n\t\t\t\t\t\t\t<div class=\"elementor-spacer\">\n\t\t\t<div class=\"elementor-spacer-inner\"><\/div>\n\t\t<\/div>\n\t\t\t\t\t\t<\/div>\n\t\t\t\t<div class=\"elementor-element elementor-element-e5c380c elementor-widget elementor-widget-heading\" data-id=\"e5c380c\" data-element_type=\"widget\" data-e-type=\"widget\" data-widget_type=\"heading.default\">\n\t\t\t\t\t<h1 class=\"elementor-heading-title elementor-size-default\">Unterst\u00fctze<\/h1>\t\t\t\t<\/div>\n\t\t\t\t<div class=\"elementor-element elementor-element-afae0a9 elementor-widget elementor-widget-heading\" data-id=\"afae0a9\" data-element_type=\"widget\" data-e-type=\"widget\" data-widget_type=\"heading.default\">\n\t\t\t\t\t<h2 class=\"elementor-heading-title elementor-size-default\">das Boot und die Fischer<\/h2>\t\t\t\t<\/div>\n\t\t\t\t<div class=\"elementor-element elementor-element-a5a9426 elementor-widget elementor-widget-text-editor\" data-id=\"a5a9426\" data-element_type=\"widget\" data-e-type=\"widget\" data-widget_type=\"text-editor.default\">\n\t\t\t\t\t\t\t\t\t<p><span style=\"font-size: 1rem;\">Die Aktion Fischerboot ist ein Glaubenswerk. Das bedeutet, dass wir uns der Abh\u00e4ngigkeit von Gott bewusst sind. Deshalb bitten wir Ihn darum, dass Er uns versorgt.&nbsp;<\/span><span style=\"font-size: 1rem;\">Unsere Arbeit findet auf ehrenamtlicher Basis statt und&nbsp;<\/span><span style=\"font-size: 1rem;\">wird vorwiegend durch Spenden von Privatpersonen finanziert.&nbsp;<\/span><span style=\"font-size: 1rem;\">Offizieller Tr\u00e4ger der Aktion Fischerboot ist der Verein Biblische Glaubensimpulse e.V.&nbsp;<\/span><\/p>\n<p>Wenn du uns unterst\u00fctzen m\u00f6chtest, freuen wir uns dar\u00fcber. Vielen Dank!<\/p>\n<p><span style=\"font-weight: bolder; font-size: 1rem;\">Biblische Glaubensimpulse e.V. &#8211; Aktion Fischerboot<\/span><\/p>\n<p>Volksbank Jever<br>IBAN: DE68 2826 2254 4380 6310 01<br>BIC: GENODEF1JEV<\/p>\n<p><\/p>\t\t\t\t\t\t\t\t<\/div>\n\t\t\t\t<div class=\"elementor-element elementor-element-c205696 elementor-widget elementor-widget-button\" data-id=\"c205696\" data-element_type=\"widget\" data-e-type=\"widget\" data-widget_type=\"button.default\">\n\t\t\t\t\t\t\t\t\t\t<a class=\"elementor-button elementor-button-link elementor-size-sm\" href=\"https:\/\/www.paypal.com\/donate\/?hosted_button_id=ACQVBCKHJP5LJ\">\n\t\t\t\t\t\t<span class=\"elementor-button-content-wrapper\">\n\t\t\t\t\t\t<span class=\"elementor-button-icon\">\n\t\t\t\t<i aria-hidden=\"true\" class=\"fab fa-paypal\"><\/i>\t\t\t<\/span>\n\t\t\t\t\t\t\t\t\t<span class=\"elementor-button-text\">Via Paypal Spenden<\/span>\n\t\t\t\t\t<\/span>\n\t\t\t\t\t<\/a>\n\t\t\t\t\t\t\t\t<\/div>\n\t\t\t\t<div class=\"elementor-element elementor-element-b8b8001 elementor-widget elementor-widget-image\" data-id=\"b8b8001\" data-element_type=\"widget\" data-e-type=\"widget\" data-widget_type=\"image.default\">\n\t\t\t\t\t\t\t\t\t\t\t\t<figure class=\"wp-caption\">\n\t\t\t\t\t\t\t\t\t\t<img decoding=\"async\" width=\"150\" height=\"150\" src=\"https:\/\/dasfischerboot.de\/wp-content\/uploads\/QR-Code-150x150.png\" class=\"attachment-thumbnail size-thumbnail wp-image-2450\" alt=\"\" srcset=\"https:\/\/dasfischerboot.de\/wp-content\/uploads\/QR-Code-150x150.png 150w, https:\/\/dasfischerboot.de\/wp-content\/uploads\/QR-Code.png 192w\" sizes=\"(max-width: 150px) 100vw, 150px\" \/>\t\t\t\t\t\t\t\t\t\t\t<figcaption class=\"widget-image-caption wp-caption-text\"><\/figcaption>\n\t\t\t\t\t\t\t\t\t\t<\/figure>\n\t\t\t\t\t\t\t\t\t<\/div>\n\t\t\t\t<div class=\"elementor-element elementor-element-839a326 elementor-widget elementor-widget-spacer\" data-id=\"839a326\" data-element_type=\"widget\" data-e-type=\"widget\" data-widget_type=\"spacer.default\">\n\t\t\t\t\t\t\t<div class=\"elementor-spacer\">\n\t\t\t<div class=\"elementor-spacer-inner\"><\/div>\n\t\t<\/div>\n\t\t\t\t\t\t<\/div>\n\t\t\t\t\t<\/div>\n\t\t<\/div>\n\t\t\t\t\t<\/div>\n\t\t<\/section>\n\t\t\t\t<\/div>","protected":false},"excerpt":{"rendered":"<p>Unterst\u00fctze das Boot und die Fischer Die Aktion Fischerboot ist ein Glaubenswerk. Das bedeutet, dass wir uns der Abh\u00e4ngigkeit von Gott bewusst sind. Deshalb bitten wir Ihn darum, dass Er uns versorgt.&nbsp;Unsere Arbeit findet auf ehrenamtlicher Basis statt und&nbsp;wird vorwiegend durch Spenden von Privatpersonen finanziert.&nbsp;Offizieller Tr\u00e4ger der Aktion Fischerboot ist der Verein Biblische Glaubensimpulse e.V.&nbsp; [&hellip;]<\/p>\n","protected":false},"author":1,"featured_media":0,"parent":0,"menu_order":0,"comment_status":"closed","ping_status":"closed","template":"","meta":{"footnotes":""},"class_list":["post-1617","page","type-page","status-publish","hentry"],"acf":[],"yoast_head":"<!-- This site is optimized with the Yoast SEO plugin v27.5 - https:\/\/yoast.com\/product\/yoast-seo-wordpress\/ -->\n<title>Unterst\u00fctzen - Das Fischerboot<\/title>\n<meta name=\"robots\" content=\"index, follow, max-snippet:-1, max-image-preview:large, max-video-preview:-1\" \/>\n<link rel=\"canonical\" href=\"https:\/\/dasfischerboot.de\/en\/unterstuetzen\/\" \/>\n<meta property=\"og:locale\" content=\"en_US\" \/>\n<meta property=\"og:type\" content=\"article\" \/>\n<meta property=\"og:title\" content=\"Unterst\u00fctzen - Das Fischerboot\" \/>\n<meta property=\"og:description\" content=\"Unterst\u00fctze das Boot und die Fischer Die Aktion Fischerboot ist ein Glaubenswerk. Das bedeutet, dass wir uns der Abh\u00e4ngigkeit von Gott bewusst sind. Deshalb bitten wir Ihn darum, dass Er uns versorgt.&nbsp;Unsere Arbeit findet auf ehrenamtlicher Basis statt und&nbsp;wird vorwiegend durch Spenden von Privatpersonen finanziert.&nbsp;Offizieller Tr\u00e4ger der Aktion Fischerboot ist der Verein Biblische Glaubensimpulse e.V.&nbsp; [&hellip;]\" \/>\n<meta property=\"og:url\" content=\"https:\/\/dasfischerboot.de\/en\/unterstuetzen\/\" \/>\n<meta property=\"og:site_name\" content=\"Das Fischerboot\" \/>\n<meta property=\"article:modified_time\" content=\"2022-06-11T17:37:41+00:00\" \/>\n<meta property=\"og:image\" content=\"https:\/\/dev.dasfischerboot.de\/wp-content\/uploads\/QR-Code-150x150.png\" \/>\n<meta name=\"twitter:card\" content=\"summary_large_image\" \/>\n<meta name=\"twitter:label1\" content=\"Est. reading time\" \/>\n\t<meta name=\"twitter:data1\" content=\"1 minute\" \/>\n<script type=\"application\/ld+json\" class=\"yoast-schema-graph\">{\"@context\":\"https:\\\/\\\/schema.org\",\"@graph\":[{\"@type\":\"WebPage\",\"@id\":\"https:\\\/\\\/dasfischerboot.de\\\/unterstuetzen\\\/\",\"url\":\"https:\\\/\\\/dasfischerboot.de\\\/unterstuetzen\\\/\",\"name\":\"Unterst\u00fctzen - Das Fischerboot\",\"isPartOf\":{\"@id\":\"https:\\\/\\\/dasfischerboot.de\\\/#website\"},\"primaryImageOfPage\":{\"@id\":\"https:\\\/\\\/dasfischerboot.de\\\/unterstuetzen\\\/#primaryimage\"},\"image\":{\"@id\":\"https:\\\/\\\/dasfischerboot.de\\\/unterstuetzen\\\/#primaryimage\"},\"thumbnailUrl\":\"https:\\\/\\\/dev.dasfischerboot.de\\\/wp-content\\\/uploads\\\/QR-Code-150x150.png\",\"datePublished\":\"2022-03-18T13:17:13+00:00\",\"dateModified\":\"2022-06-11T17:37:41+00:00\",\"breadcrumb\":{\"@id\":\"https:\\\/\\\/dasfischerboot.de\\\/unterstuetzen\\\/#breadcrumb\"},\"inLanguage\":\"en-US\",\"potentialAction\":[{\"@type\":\"ReadAction\",\"target\":[\"https:\\\/\\\/dasfischerboot.de\\\/unterstuetzen\\\/\"]}]},{\"@type\":\"ImageObject\",\"inLanguage\":\"en-US\",\"@id\":\"https:\\\/\\\/dasfischerboot.de\\\/unterstuetzen\\\/#primaryimage\",\"url\":\"https:\\\/\\\/dev.dasfischerboot.de\\\/wp-content\\\/uploads\\\/QR-Code-150x150.png\",\"contentUrl\":\"https:\\\/\\\/dev.dasfischerboot.de\\\/wp-content\\\/uploads\\\/QR-Code-150x150.png\"},{\"@type\":\"BreadcrumbList\",\"@id\":\"https:\\\/\\\/dasfischerboot.de\\\/unterstuetzen\\\/#breadcrumb\",\"itemListElement\":[{\"@type\":\"ListItem\",\"position\":1,\"name\":\"Startseite\",\"item\":\"https:\\\/\\\/dasfischerboot.de\\\/\"},{\"@type\":\"ListItem\",\"position\":2,\"name\":\"Unterst\u00fctzen\"}]},{\"@type\":\"WebSite\",\"@id\":\"https:\\\/\\\/dasfischerboot.de\\\/#website\",\"url\":\"https:\\\/\\\/dasfischerboot.de\\\/\",\"name\":\"Das Fischerboot\",\"description\":\"Kinder- und Jugendtreff am Strand in Schillig\",\"publisher\":{\"@id\":\"https:\\\/\\\/dasfischerboot.de\\\/#organization\"},\"potentialAction\":[{\"@type\":\"SearchAction\",\"target\":{\"@type\":\"EntryPoint\",\"urlTemplate\":\"https:\\\/\\\/dasfischerboot.de\\\/?s={search_term_string}\"},\"query-input\":{\"@type\":\"PropertyValueSpecification\",\"valueRequired\":true,\"valueName\":\"search_term_string\"}}],\"inLanguage\":\"en-US\"},{\"@type\":\"Organization\",\"@id\":\"https:\\\/\\\/dasfischerboot.de\\\/#organization\",\"name\":\"Das Fischerboot\",\"url\":\"https:\\\/\\\/dasfischerboot.de\\\/\",\"logo\":{\"@type\":\"ImageObject\",\"inLanguage\":\"en-US\",\"@id\":\"https:\\\/\\\/dasfischerboot.de\\\/#\\\/schema\\\/logo\\\/image\\\/\",\"url\":\"https:\\\/\\\/dasfischerboot.de\\\/wp-content\\\/uploads\\\/Fischerboot-Logo-1.png\",\"contentUrl\":\"https:\\\/\\\/dasfischerboot.de\\\/wp-content\\\/uploads\\\/Fischerboot-Logo-1.png\",\"width\":1500,\"height\":664,\"caption\":\"Das Fischerboot\"},\"image\":{\"@id\":\"https:\\\/\\\/dasfischerboot.de\\\/#\\\/schema\\\/logo\\\/image\\\/\"}}]}<\/script>\n<!-- \/ Yoast SEO plugin. -->","yoast_head_json":{"title":"Unterst\u00fctzen - Das Fischerboot","robots":{"index":"index","follow":"follow","max-snippet":"max-snippet:-1","max-image-preview":"max-image-preview:large","max-video-preview":"max-video-preview:-1"},"canonical":"https:\/\/dasfischerboot.de\/en\/unterstuetzen\/","og_locale":"en_US","og_type":"article","og_title":"Unterst\u00fctzen - Das Fischerboot","og_description":"Unterst\u00fctze das Boot und die Fischer Die Aktion Fischerboot ist ein Glaubenswerk. Das bedeutet, dass wir uns der Abh\u00e4ngigkeit von Gott bewusst sind. Deshalb bitten wir Ihn darum, dass Er uns versorgt.&nbsp;Unsere Arbeit findet auf ehrenamtlicher Basis statt und&nbsp;wird vorwiegend durch Spenden von Privatpersonen finanziert.&nbsp;Offizieller Tr\u00e4ger der Aktion Fischerboot ist der Verein Biblische Glaubensimpulse e.V.&nbsp; [&hellip;]","og_url":"https:\/\/dasfischerboot.de\/en\/unterstuetzen\/","og_site_name":"Das Fischerboot","article_modified_time":"2022-06-11T17:37:41+00:00","og_image":[{"url":"https:\/\/dev.dasfischerboot.de\/wp-content\/uploads\/QR-Code-150x150.png","type":"","width":"","height":""}],"twitter_card":"summary_large_image","twitter_misc":{"Est. reading time":"1 minute"},"schema":{"@context":"https:\/\/schema.org","@graph":[{"@type":"WebPage","@id":"https:\/\/dasfischerboot.de\/unterstuetzen\/","url":"https:\/\/dasfischerboot.de\/unterstuetzen\/","name":"Unterst\u00fctzen - Das Fischerboot","isPartOf":{"@id":"https:\/\/dasfischerboot.de\/#website"},"primaryImageOfPage":{"@id":"https:\/\/dasfischerboot.de\/unterstuetzen\/#primaryimage"},"image":{"@id":"https:\/\/dasfischerboot.de\/unterstuetzen\/#primaryimage"},"thumbnailUrl":"https:\/\/dev.dasfischerboot.de\/wp-content\/uploads\/QR-Code-150x150.png","datePublished":"2022-03-18T13:17:13+00:00","dateModified":"2022-06-11T17:37:41+00:00","breadcrumb":{"@id":"https:\/\/dasfischerboot.de\/unterstuetzen\/#breadcrumb"},"inLanguage":"en-US","potentialAction":[{"@type":"ReadAction","target":["https:\/\/dasfischerboot.de\/unterstuetzen\/"]}]},{"@type":"ImageObject","inLanguage":"en-US","@id":"https:\/\/dasfischerboot.de\/unterstuetzen\/#primaryimage","url":"https:\/\/dev.dasfischerboot.de\/wp-content\/uploads\/QR-Code-150x150.png","contentUrl":"https:\/\/dev.dasfischerboot.de\/wp-content\/uploads\/QR-Code-150x150.png"},{"@type":"BreadcrumbList","@id":"https:\/\/dasfischerboot.de\/unterstuetzen\/#breadcrumb","itemListElement":[{"@type":"ListItem","position":1,"name":"Startseite","item":"https:\/\/dasfischerboot.de\/"},{"@type":"ListItem","position":2,"name":"Unterst\u00fctzen"}]},{"@type":"WebSite","@id":"https:\/\/dasfischerboot.de\/#website","url":"https:\/\/dasfischerboot.de\/","name":"Das Fischerboot","description":"Kinder- und Jugendtreff am Strand in Schillig","publisher":{"@id":"https:\/\/dasfischerboot.de\/#organization"},"potentialAction":[{"@type":"SearchAction","target":{"@type":"EntryPoint","urlTemplate":"https:\/\/dasfischerboot.de\/?s={search_term_string}"},"query-input":{"@type":"PropertyValueSpecification","valueRequired":true,"valueName":"search_term_string"}}],"inLanguage":"en-US"},{"@type":"Organization","@id":"https:\/\/dasfischerboot.de\/#organization","name":"Das Fischerboot","url":"https:\/\/dasfischerboot.de\/","logo":{"@type":"ImageObject","inLanguage":"en-US","@id":"https:\/\/dasfischerboot.de\/#\/schema\/logo\/image\/","url":"https:\/\/dasfischerboot.de\/wp-content\/uploads\/Fischerboot-Logo-1.png","contentUrl":"https:\/\/dasfischerboot.de\/wp-content\/uploads\/Fischerboot-Logo-1.png","width":1500,"height":664,"caption":"Das Fischerboot"},"image":{"@id":"https:\/\/dasfischerboot.de\/#\/schema\/logo\/image\/"}}]}},"_links":{"self":[{"href":"https:\/\/dasfischerboot.de\/en\/wp-json\/wp\/v2\/pages\/1617","targetHints":{"allow":["GET"]}}],"collection":[{"href":"https:\/\/dasfischerboot.de\/en\/wp-json\/wp\/v2\/pages"}],"about":[{"href":"https:\/\/dasfischerboot.de\/en\/wp-json\/wp\/v2\/types\/page"}],"author":[{"embeddable":true,"href":"https:\/\/dasfischerboot.de\/en\/wp-json\/wp\/v2\/users\/1"}],"replies":[{"embeddable":true,"href":"https:\/\/dasfischerboot.de\/en\/wp-json\/wp\/v2\/comments?post=1617"}],"version-history":[{"count":38,"href":"https:\/\/dasfischerboot.de\/en\/wp-json\/wp\/v2\/pages\/1617\/revisions"}],"predecessor-version":[{"id":2512,"href":"https:\/\/dasfischerboot.de\/en\/wp-json\/wp\/v2\/pages\/1617\/revisions\/2512"}],"wp:attachment":[{"href":"https:\/\/dasfischerboot.de\/en\/wp-json\/wp\/v2\/media?parent=1617"}],"curies":[{"name":"wp","href":"https:\/\/api.w.org\/{rel}","templated":true}]}}