{"id":1922,"date":"2022-04-11T09:22:02","date_gmt":"2022-04-11T09:22:02","guid":{"rendered":"https:\/\/dev.dasfischerboot.de\/?page_id=1922"},"modified":"2022-06-11T17:38:49","modified_gmt":"2022-06-11T17:38:49","slug":"liederkiste","status":"publish","type":"page","link":"https:\/\/dasfischerboot.de\/en\/angebote\/liederkiste\/","title":{"rendered":"Liederkiste"},"content":{"rendered":"\t\t<div data-elementor-type=\"wp-page\" data-elementor-id=\"1922\" class=\"elementor elementor-1922\" data-elementor-post-type=\"page\">\n\t\t\t\t\t\t<section class=\"elementor-section elementor-top-section elementor-element elementor-element-babab9e elementor-section-boxed elementor-section-height-default elementor-section-height-default\" data-id=\"babab9e\" data-element_type=\"section\" data-e-type=\"section\">\n\t\t\t\t\t\t<div class=\"elementor-container elementor-column-gap-default\">\n\t\t\t\t\t<div class=\"elementor-column elementor-col-100 elementor-top-column elementor-element elementor-element-416b4c4\" data-id=\"416b4c4\" data-element_type=\"column\" data-e-type=\"column\">\n\t\t\t<div class=\"elementor-widget-wrap elementor-element-populated\">\n\t\t\t\t\t\t<div class=\"elementor-element elementor-element-95c350d elementor-widget elementor-widget-spacer\" data-id=\"95c350d\" data-element_type=\"widget\" data-e-type=\"widget\" data-widget_type=\"spacer.default\">\n\t\t\t\t\t\t\t<div class=\"elementor-spacer\">\n\t\t\t<div class=\"elementor-spacer-inner\"><\/div>\n\t\t<\/div>\n\t\t\t\t\t\t<\/div>\n\t\t\t\t<section class=\"elementor-section elementor-inner-section elementor-element elementor-element-964c6e5 elementor-section-boxed elementor-section-height-default elementor-section-height-default\" data-id=\"964c6e5\" data-element_type=\"section\" data-e-type=\"section\">\n\t\t\t\t\t\t<div class=\"elementor-container elementor-column-gap-default\">\n\t\t\t\t\t<div class=\"elementor-column elementor-col-50 elementor-inner-column elementor-element elementor-element-5df1514\" data-id=\"5df1514\" data-element_type=\"column\" data-e-type=\"column\">\n\t\t\t<div class=\"elementor-widget-wrap elementor-element-populated\">\n\t\t\t\t\t\t<div class=\"elementor-element elementor-element-4def944 elementor-widget elementor-widget-heading\" data-id=\"4def944\" data-element_type=\"widget\" data-e-type=\"widget\" data-widget_type=\"heading.default\">\n\t\t\t\t\t<h1 class=\"elementor-heading-title elementor-size-default\">Liederkiste<\/h1>\t\t\t\t<\/div>\n\t\t\t\t<div class=\"elementor-element elementor-element-97faec9 elementor-widget elementor-widget-heading\" data-id=\"97faec9\" data-element_type=\"widget\" data-e-type=\"widget\" data-widget_type=\"heading.default\">\n\t\t\t\t\t<h2 class=\"elementor-heading-title elementor-size-default\">Fischerboot-CD - online und offline!<\/h2>\t\t\t\t<\/div>\n\t\t\t\t<div class=\"elementor-element elementor-element-3e14e2e elementor-widget elementor-widget-text-editor\" data-id=\"3e14e2e\" data-element_type=\"widget\" data-e-type=\"widget\" data-widget_type=\"text-editor.default\">\n\t\t\t\t\t\t\t\t\t<p>Endlich gibt es einige der Fischerbootlieder auf CD! Ihr k\u00f6nnt die CD zum Selbstkostenpreis von 5\u20ac inklusive Versand \u00fcber das Kontaktformular bestellen, wir schicken Euch dann die Bankverbindung zu. Alternativ k\u00f6nnt ihr auch&nbsp;<a href=\"https:\/\/www.paypal.com\/cgi-bin\/webscr?cmd=_s-xclick&amp;hosted_button_id=XL78WZ4HTUDWU\" target=\"_blank\">\u00fcber diesen Link direkt via PayPal bestellen<\/a>.<\/p>\t\t\t\t\t\t\t\t<\/div>\n\t\t\t\t<div class=\"elementor-element elementor-element-6a1c099 elementor-button-align-stretch elementor-widget elementor-widget-form\" data-id=\"6a1c099\" data-element_type=\"widget\" data-e-type=\"widget\" data-settings=\"{&quot;button_width&quot;:&quot;30&quot;,&quot;step_next_label&quot;:&quot;N\\u00e4chster&quot;,&quot;step_previous_label&quot;:&quot;Voriger&quot;,&quot;step_type&quot;:&quot;number_text&quot;,&quot;step_icon_shape&quot;:&quot;circle&quot;}\" data-widget_type=\"form.default\">\n\t\t\t\t\t\t\t<form class=\"elementor-form\" method=\"post\" name=\"Neues Formular\" aria-label=\"Neues Formular\">\n\t\t\t<input type=\"hidden\" name=\"post_id\" value=\"1922\"\/>\n\t\t\t<input type=\"hidden\" name=\"form_id\" value=\"6a1c099\"\/>\n\t\t\t<input type=\"hidden\" name=\"referer_title\" value=\"Das Fischerboot\" \/>\n\n\t\t\t\n\t\t\t<div class=\"elementor-form-fields-wrapper elementor-labels-\">\n\t\t\t\t\t\t\t\t<div class=\"elementor-field-type-text elementor-field-group elementor-column elementor-field-group-name elementor-col-50 elementor-field-required\">\n\t\t\t\t\t\t\t\t\t\t\t\t<label for=\"form-field-name\" class=\"elementor-field-label elementor-screen-only\">\n\t\t\t\t\t\t\t\tVorname\t\t\t\t\t\t\t<\/label>\n\t\t\t\t\t\t\t\t\t\t\t\t\t\t<input size=\"1\" type=\"text\" name=\"form_fields[name]\" id=\"form-field-name\" class=\"elementor-field elementor-size-sm  elementor-field-textual\" placeholder=\"Vorname\" required=\"required\">\n\t\t\t\t\t\t\t\t\t\t\t<\/div>\n\t\t\t\t\t\t\t\t<div class=\"elementor-field-type-text elementor-field-group elementor-column elementor-field-group-field_4b695b3 elementor-col-50 elementor-field-required\">\n\t\t\t\t\t\t\t\t\t\t\t\t<label for=\"form-field-field_4b695b3\" class=\"elementor-field-label elementor-screen-only\">\n\t\t\t\t\t\t\t\tNachname\t\t\t\t\t\t\t<\/label>\n\t\t\t\t\t\t\t\t\t\t\t\t\t\t<input size=\"1\" type=\"text\" name=\"form_fields[field_4b695b3]\" id=\"form-field-field_4b695b3\" class=\"elementor-field elementor-size-sm  elementor-field-textual\" placeholder=\"Nachname\" required=\"required\">\n\t\t\t\t\t\t\t\t\t\t\t<\/div>\n\t\t\t\t\t\t\t\t<div class=\"elementor-field-type-text elementor-field-group elementor-column elementor-field-group-field_05a627f elementor-col-80 elementor-field-required\">\n\t\t\t\t\t\t\t\t\t\t\t\t<label for=\"form-field-field_05a627f\" class=\"elementor-field-label elementor-screen-only\">\n\t\t\t\t\t\t\t\tStrasse\t\t\t\t\t\t\t<\/label>\n\t\t\t\t\t\t\t\t\t\t\t\t\t\t<input size=\"1\" type=\"text\" name=\"form_fields[field_05a627f]\" id=\"form-field-field_05a627f\" class=\"elementor-field elementor-size-sm  elementor-field-textual\" placeholder=\"Strasse\" required=\"required\">\n\t\t\t\t\t\t\t\t\t\t\t<\/div>\n\t\t\t\t\t\t\t\t<div class=\"elementor-field-type-text elementor-field-group elementor-column elementor-field-group-field_d1776c2 elementor-col-20 elementor-field-required\">\n\t\t\t\t\t\t\t\t\t\t\t\t<label for=\"form-field-field_d1776c2\" class=\"elementor-field-label elementor-screen-only\">\n\t\t\t\t\t\t\t\tHausnummer\t\t\t\t\t\t\t<\/label>\n\t\t\t\t\t\t\t\t\t\t\t\t\t\t<input size=\"1\" type=\"text\" name=\"form_fields[field_d1776c2]\" id=\"form-field-field_d1776c2\" class=\"elementor-field elementor-size-sm  elementor-field-textual\" placeholder=\"Hausnummer\" required=\"required\">\n\t\t\t\t\t\t\t\t\t\t\t<\/div>\n\t\t\t\t\t\t\t\t<div class=\"elementor-field-type-text elementor-field-group elementor-column elementor-field-group-field_4ce5520 elementor-col-25 elementor-field-required\">\n\t\t\t\t\t\t\t\t\t\t\t\t<label for=\"form-field-field_4ce5520\" class=\"elementor-field-label elementor-screen-only\">\n\t\t\t\t\t\t\t\tPLZ\t\t\t\t\t\t\t<\/label>\n\t\t\t\t\t\t\t\t\t\t\t\t\t\t<input size=\"1\" type=\"text\" name=\"form_fields[field_4ce5520]\" id=\"form-field-field_4ce5520\" class=\"elementor-field elementor-size-sm  elementor-field-textual\" placeholder=\"PLZ\" required=\"required\">\n\t\t\t\t\t\t\t\t\t\t\t<\/div>\n\t\t\t\t\t\t\t\t<div class=\"elementor-field-type-text elementor-field-group elementor-column elementor-field-group-field_4fb79e9 elementor-col-75 elementor-field-required\">\n\t\t\t\t\t\t\t\t\t\t\t\t<label for=\"form-field-field_4fb79e9\" class=\"elementor-field-label elementor-screen-only\">\n\t\t\t\t\t\t\t\tOrt\t\t\t\t\t\t\t<\/label>\n\t\t\t\t\t\t\t\t\t\t\t\t\t\t<input size=\"1\" type=\"text\" name=\"form_fields[field_4fb79e9]\" id=\"form-field-field_4fb79e9\" class=\"elementor-field elementor-size-sm  elementor-field-textual\" placeholder=\"Ort\" required=\"required\">\n\t\t\t\t\t\t\t\t\t\t\t<\/div>\n\t\t\t\t\t\t\t\t<div class=\"elementor-field-type-email elementor-field-group elementor-column elementor-field-group-email elementor-col-100 elementor-field-required\">\n\t\t\t\t\t\t\t\t\t\t\t\t<label for=\"form-field-email\" class=\"elementor-field-label elementor-screen-only\">\n\t\t\t\t\t\t\t\tE-Mail\t\t\t\t\t\t\t<\/label>\n\t\t\t\t\t\t\t\t\t\t\t\t\t\t<input size=\"1\" type=\"email\" name=\"form_fields[email]\" id=\"form-field-email\" class=\"elementor-field elementor-size-sm  elementor-field-textual\" placeholder=\"E-Mail\" required=\"required\">\n\t\t\t\t\t\t\t\t\t\t\t<\/div>\n\t\t\t\t\t\t\t\t<div class=\"elementor-field-type-select elementor-field-group elementor-column elementor-field-group-field_7865caf elementor-col-100 elementor-field-required\">\n\t\t\t\t\t\t\t\t\t\t\t\t<label for=\"form-field-field_7865caf\" class=\"elementor-field-label elementor-screen-only\">\n\t\t\t\t\t\t\t\tAuswahl\t\t\t\t\t\t\t<\/label>\n\t\t\t\t\t\t\t\t<div class=\"elementor-field elementor-select-wrapper remove-before \">\n\t\t\t<div class=\"select-caret-down-wrapper\">\n\t\t\t\t<i aria-hidden=\"true\" class=\"eicon-caret-down\"><\/i>\t\t\t<\/div>\n\t\t\t<select name=\"form_fields[field_7865caf]\" id=\"form-field-field_7865caf\" class=\"elementor-field-textual elementor-size-sm\" required=\"required\">\n\t\t\t\t\t\t\t\t\t<option value=\"Zahlung per Rechnung\">Zahlung per Rechnung<\/option>\n\t\t\t\t\t\t\t\t\t<option value=\"Zahlung via Paypal\">Zahlung via Paypal<\/option>\n\t\t\t\t\t\t\t<\/select>\n\t\t<\/div>\n\t\t\t\t\t\t<\/div>\n\t\t\t\t\t\t\t\t<div class=\"elementor-field-type-acceptance elementor-field-group elementor-column elementor-field-group-field_c05b905 elementor-col-100 elementor-field-required\">\n\t\t\t\t\t\t\t\t\t\t\t\t<label for=\"form-field-field_c05b905\" class=\"elementor-field-label elementor-screen-only\">\n\t\t\t\t\t\t\t\tAkzeptanz\t\t\t\t\t\t\t<\/label>\n\t\t\t\t\t\t\t\t<div class=\"elementor-field-subgroup\">\n\t\t\t<span class=\"elementor-field-option\">\n\t\t\t\t<input type=\"checkbox\" name=\"form_fields[field_c05b905]\" id=\"form-field-field_c05b905\" class=\"elementor-field elementor-size-sm  elementor-acceptance-field\" required=\"required\">\n\t\t\t\t<label for=\"form-field-field_c05b905\">Ich m\u00f6chte die CD zum Selbstkostenpreis bestellen und habe die Datenschutzhinweise gelesen. Ich bin bereit meine angegebenen Daten f\u00fcr die Kontaktaufnahme zu teilen.<\/label>\t\t\t<\/span>\n\t\t<\/div>\n\t\t\t\t\t\t<\/div>\n\t\t\t\t\t\t\t\t<div class=\"elementor-field-type-text\">\n\t\t\t\t\t<input size=\"1\" type=\"text\" name=\"form_fields[field_f2ee2d2]\" id=\"form-field-field_f2ee2d2\" class=\"elementor-field elementor-size-sm \" style=\"display:none !important;\">\t\t\t\t<\/div>\n\t\t\t\t\t\t\t\t<div class=\"elementor-field-group elementor-column elementor-field-type-submit elementor-col-30 e-form__buttons\">\n\t\t\t\t\t<button class=\"elementor-button elementor-size-sm\" type=\"submit\">\n\t\t\t\t\t\t<span class=\"elementor-button-content-wrapper\">\n\t\t\t\t\t\t\t\t\t\t\t\t\t\t\t\t\t\t\t\t\t\t<span class=\"elementor-button-text\">CD Bestellen<\/span>\n\t\t\t\t\t\t\t\t\t\t\t\t\t<\/span>\n\t\t\t\t\t<\/button>\n\t\t\t\t<\/div>\n\t\t\t<\/div>\n\t\t<\/form>\n\t\t\t\t\t\t<\/div>\n\t\t\t\t<div class=\"elementor-element elementor-element-960286f elementor-widget elementor-widget-spacer\" data-id=\"960286f\" data-element_type=\"widget\" data-e-type=\"widget\" data-widget_type=\"spacer.default\">\n\t\t\t\t\t\t\t<div class=\"elementor-spacer\">\n\t\t\t<div class=\"elementor-spacer-inner\"><\/div>\n\t\t<\/div>\n\t\t\t\t\t\t<\/div>\n\t\t\t\t<div class=\"elementor-element elementor-element-0aebaa5 elementor-widget elementor-widget-heading\" data-id=\"0aebaa5\" data-element_type=\"widget\" data-e-type=\"widget\" data-widget_type=\"heading.default\">\n\t\t\t\t\t<h2 class=\"elementor-heading-title elementor-size-default\">CD Streamen<\/h2>\t\t\t\t<\/div>\n\t\t\t\t<div class=\"elementor-element elementor-element-ac526c0 elementor-widget elementor-widget-text-editor\" data-id=\"ac526c0\" data-element_type=\"widget\" data-e-type=\"widget\" data-widget_type=\"text-editor.default\">\n\t\t\t\t\t\t\t\t\t<p>Ihr k\u00f6nnt die Fischerboot-CD auch auf vielen Plattformen finden:<\/p>\t\t\t\t\t\t\t\t<\/div>\n\t\t\t\t<div class=\"elementor-element elementor-element-454f31e elementor-icon-list--layout-traditional elementor-list-item-link-full_width elementor-widget elementor-widget-icon-list\" data-id=\"454f31e\" data-element_type=\"widget\" data-e-type=\"widget\" data-widget_type=\"icon-list.default\">\n\t\t\t\t\t\t\t<ul class=\"elementor-icon-list-items\">\n\t\t\t\t\t\t\t<li class=\"elementor-icon-list-item\">\n\t\t\t\t\t\t\t\t\t\t\t<a href=\"https:\/\/open.spotify.com\/album\/1YqQKKWebjPSjPGd4E7oPd\">\n\n\t\t\t\t\t\t\t\t\t\t\t\t<span class=\"elementor-icon-list-icon\">\n\t\t\t\t\t\t\t<i aria-hidden=\"true\" class=\"fab fa-spotify\"><\/i>\t\t\t\t\t\t<\/span>\n\t\t\t\t\t\t\t\t\t\t<span class=\"elementor-icon-list-text\">Spotify<\/span>\n\t\t\t\t\t\t\t\t\t\t\t<\/a>\n\t\t\t\t\t\t\t\t\t<\/li>\n\t\t\t\t\t\t\t\t<li class=\"elementor-icon-list-item\">\n\t\t\t\t\t\t\t\t\t\t\t<a href=\"https:\/\/music.amazon.com\/albums\/B08GYH9DST?do=play\">\n\n\t\t\t\t\t\t\t\t\t\t\t\t<span class=\"elementor-icon-list-icon\">\n\t\t\t\t\t\t\t<i aria-hidden=\"true\" class=\"fab fa-amazon\"><\/i>\t\t\t\t\t\t<\/span>\n\t\t\t\t\t\t\t\t\t\t<span class=\"elementor-icon-list-text\">Amazon Music<\/span>\n\t\t\t\t\t\t\t\t\t\t\t<\/a>\n\t\t\t\t\t\t\t\t\t<\/li>\n\t\t\t\t\t\t\t\t<li class=\"elementor-icon-list-item\">\n\t\t\t\t\t\t\t\t\t\t\t<a href=\"https:\/\/www.youtube.com\/playlist?list=OLAK5uy_kD50TEROOqZOwZmpEQYx7eLb5Jba_aNGs\">\n\n\t\t\t\t\t\t\t\t\t\t\t\t<span class=\"elementor-icon-list-icon\">\n\t\t\t\t\t\t\t<i aria-hidden=\"true\" class=\"fab fa-youtube\"><\/i>\t\t\t\t\t\t<\/span>\n\t\t\t\t\t\t\t\t\t\t<span class=\"elementor-icon-list-text\">Youtube<\/span>\n\t\t\t\t\t\t\t\t\t\t\t<\/a>\n\t\t\t\t\t\t\t\t\t<\/li>\n\t\t\t\t\t\t\t\t<li class=\"elementor-icon-list-item\">\n\t\t\t\t\t\t\t\t\t\t\t<a href=\"https:\/\/music.apple.com\/de\/album\/_\/1529604299?mt=1&#038;app=music&#038;at=1000lHKX\">\n\n\t\t\t\t\t\t\t\t\t\t\t\t<span class=\"elementor-icon-list-icon\">\n\t\t\t\t\t\t\t<i aria-hidden=\"true\" class=\"fas fa-music\"><\/i>\t\t\t\t\t\t<\/span>\n\t\t\t\t\t\t\t\t\t\t<span class=\"elementor-icon-list-text\">Apple Music<\/span>\n\t\t\t\t\t\t\t\t\t\t\t<\/a>\n\t\t\t\t\t\t\t\t\t<\/li>\n\t\t\t\t\t\t<\/ul>\n\t\t\t\t\t\t<\/div>\n\t\t\t\t\t<\/div>\n\t\t<\/div>\n\t\t\t\t<div class=\"elementor-column elementor-col-50 elementor-inner-column elementor-element elementor-element-350e37f\" data-id=\"350e37f\" data-element_type=\"column\" data-e-type=\"column\">\n\t\t\t<div class=\"elementor-widget-wrap elementor-element-populated\">\n\t\t\t\t\t\t<div class=\"elementor-element elementor-element-9c613db elementor-widget elementor-widget-image\" data-id=\"9c613db\" data-element_type=\"widget\" data-e-type=\"widget\" data-widget_type=\"image.default\">\n\t\t\t\t\t\t\t\t\t\t\t\t\t\t\t<img fetchpriority=\"high\" decoding=\"async\" width=\"588\" height=\"590\" src=\"https:\/\/dasfischerboot.de\/wp-content\/uploads\/Liederkiste.png\" class=\"attachment-large size-large wp-image-1925\" alt=\"\" srcset=\"https:\/\/dasfischerboot.de\/wp-content\/uploads\/Liederkiste.png 588w, https:\/\/dasfischerboot.de\/wp-content\/uploads\/Liederkiste-300x300.png 300w, https:\/\/dasfischerboot.de\/wp-content\/uploads\/Liederkiste-150x150.png 150w\" sizes=\"(max-width: 588px) 100vw, 588px\" \/>\t\t\t\t\t\t\t\t\t\t\t\t\t\t\t<\/div>\n\t\t\t\t<div class=\"elementor-element elementor-element-6820932 elementor-widget elementor-widget-heading\" data-id=\"6820932\" data-element_type=\"widget\" data-e-type=\"widget\" data-widget_type=\"heading.default\">\n\t\t\t\t\t<h4 class=\"elementor-heading-title elementor-size-default\">Reinh\u00f6ren<\/h4>\t\t\t\t<\/div>\n\t\t\t\t<div class=\"elementor-element elementor-element-00dfb0c elementor-widget elementor-widget-wp-widget-media_audio\" data-id=\"00dfb0c\" data-element_type=\"widget\" data-e-type=\"widget\" data-widget_type=\"wp-widget-media_audio.default\">\n\t\t\t\t<div class=\"elementor-widget-container\">\n\t\t\t\t\t<audio class=\"wp-audio-shortcode\" id=\"audio-1922-1\" preload=\"none\" style=\"width: 100%;\" controls=\"controls\"><source type=\"audio\/mpeg\" src=\"https:\/\/dasfischerboot.de\/wp-content\/uploads\/Fischerbootsong_Teaser.mp3?_=1\" \/><source type=\"audio\/mpeg\" src=\"https:\/\/dev.dasfischerboot.de\/wp-content\/uploads\/Fischerbootsong_Teaser.mp3?_=1\" \/><a href=\"https:\/\/dasfischerboot.de\/wp-content\/uploads\/Fischerbootsong_Teaser.mp3\">https:\/\/dasfischerboot.de\/wp-content\/uploads\/Fischerbootsong_Teaser.mp3<\/a><\/audio>\t\t\t\t<\/div>\n\t\t\t\t<\/div>\n\t\t\t\t\t<\/div>\n\t\t<\/div>\n\t\t\t\t\t<\/div>\n\t\t<\/section>\n\t\t\t\t<div class=\"elementor-element elementor-element-fe79b4b elementor-widget elementor-widget-spacer\" data-id=\"fe79b4b\" data-element_type=\"widget\" data-e-type=\"widget\" data-widget_type=\"spacer.default\">\n\t\t\t\t\t\t\t<div class=\"elementor-spacer\">\n\t\t\t<div class=\"elementor-spacer-inner\"><\/div>\n\t\t<\/div>\n\t\t\t\t\t\t<\/div>\n\t\t\t\t\t<\/div>\n\t\t<\/div>\n\t\t\t\t\t<\/div>\n\t\t<\/section>\n\t\t\t\t<\/div>\n\t\t","protected":false},"excerpt":{"rendered":"<p>Liederkiste Fischerboot-CD &#8211; online und offline! Endlich gibt es einige der Fischerbootlieder auf CD! Ihr k\u00f6nnt die CD zum Selbstkostenpreis von 5\u20ac inklusive Versand \u00fcber das Kontaktformular bestellen, wir schicken Euch dann die Bankverbindung zu. Alternativ k\u00f6nnt ihr auch&nbsp;\u00fcber diesen Link direkt via PayPal bestellen. CD Streamen Ihr k\u00f6nnt die Fischerboot-CD auch auf vielen Plattformen [&hellip;]<\/p>\n","protected":false},"author":1,"featured_media":0,"parent":1611,"menu_order":0,"comment_status":"closed","ping_status":"closed","template":"","meta":{"footnotes":""},"class_list":["post-1922","page","type-page","status-publish","hentry"],"acf":[],"yoast_head":"<!-- This site is optimized with the Yoast SEO plugin v27.5 - https:\/\/yoast.com\/product\/yoast-seo-wordpress\/ -->\n<title>Liederkiste - Das Fischerboot<\/title>\n<meta name=\"robots\" content=\"index, follow, max-snippet:-1, max-image-preview:large, max-video-preview:-1\" \/>\n<link rel=\"canonical\" href=\"https:\/\/dasfischerboot.de\/en\/angebote\/liederkiste\/\" \/>\n<meta property=\"og:locale\" content=\"en_US\" \/>\n<meta property=\"og:type\" content=\"article\" \/>\n<meta property=\"og:title\" content=\"Liederkiste - Das Fischerboot\" \/>\n<meta property=\"og:description\" content=\"Liederkiste Fischerboot-CD &#8211; online und offline! Endlich gibt es einige der Fischerbootlieder auf CD! Ihr k\u00f6nnt die CD zum Selbstkostenpreis von 5\u20ac inklusive Versand \u00fcber das Kontaktformular bestellen, wir schicken Euch dann die Bankverbindung zu. Alternativ k\u00f6nnt ihr auch&nbsp;\u00fcber diesen Link direkt via PayPal bestellen. CD Streamen Ihr k\u00f6nnt die Fischerboot-CD auch auf vielen Plattformen [&hellip;]\" \/>\n<meta property=\"og:url\" content=\"https:\/\/dasfischerboot.de\/en\/angebote\/liederkiste\/\" \/>\n<meta property=\"og:site_name\" content=\"Das Fischerboot\" \/>\n<meta property=\"article:modified_time\" content=\"2022-06-11T17:38:49+00:00\" \/>\n<meta property=\"og:image\" content=\"https:\/\/dev.dasfischerboot.de\/wp-content\/uploads\/Liederkiste.png\" \/>\n<meta name=\"twitter:card\" content=\"summary_large_image\" \/>\n<meta name=\"twitter:label1\" content=\"Est. reading time\" \/>\n\t<meta name=\"twitter:data1\" content=\"1 minute\" \/>\n<script type=\"application\/ld+json\" class=\"yoast-schema-graph\">{\"@context\":\"https:\\\/\\\/schema.org\",\"@graph\":[{\"@type\":\"WebPage\",\"@id\":\"https:\\\/\\\/dasfischerboot.de\\\/angebote\\\/liederkiste\\\/\",\"url\":\"https:\\\/\\\/dasfischerboot.de\\\/angebote\\\/liederkiste\\\/\",\"name\":\"Liederkiste - Das Fischerboot\",\"isPartOf\":{\"@id\":\"https:\\\/\\\/dasfischerboot.de\\\/#website\"},\"primaryImageOfPage\":{\"@id\":\"https:\\\/\\\/dasfischerboot.de\\\/angebote\\\/liederkiste\\\/#primaryimage\"},\"image\":{\"@id\":\"https:\\\/\\\/dasfischerboot.de\\\/angebote\\\/liederkiste\\\/#primaryimage\"},\"thumbnailUrl\":\"https:\\\/\\\/dev.dasfischerboot.de\\\/wp-content\\\/uploads\\\/Liederkiste.png\",\"datePublished\":\"2022-04-11T09:22:02+00:00\",\"dateModified\":\"2022-06-11T17:38:49+00:00\",\"breadcrumb\":{\"@id\":\"https:\\\/\\\/dasfischerboot.de\\\/angebote\\\/liederkiste\\\/#breadcrumb\"},\"inLanguage\":\"en-US\",\"potentialAction\":[{\"@type\":\"ReadAction\",\"target\":[\"https:\\\/\\\/dasfischerboot.de\\\/angebote\\\/liederkiste\\\/\"]}]},{\"@type\":\"ImageObject\",\"inLanguage\":\"en-US\",\"@id\":\"https:\\\/\\\/dasfischerboot.de\\\/angebote\\\/liederkiste\\\/#primaryimage\",\"url\":\"https:\\\/\\\/dev.dasfischerboot.de\\\/wp-content\\\/uploads\\\/Liederkiste.png\",\"contentUrl\":\"https:\\\/\\\/dev.dasfischerboot.de\\\/wp-content\\\/uploads\\\/Liederkiste.png\"},{\"@type\":\"BreadcrumbList\",\"@id\":\"https:\\\/\\\/dasfischerboot.de\\\/angebote\\\/liederkiste\\\/#breadcrumb\",\"itemListElement\":[{\"@type\":\"ListItem\",\"position\":1,\"name\":\"Startseite\",\"item\":\"https:\\\/\\\/dasfischerboot.de\\\/\"},{\"@type\":\"ListItem\",\"position\":2,\"name\":\"Angebote\",\"item\":\"https:\\\/\\\/dasfischerboot.de\\\/angebote\\\/\"},{\"@type\":\"ListItem\",\"position\":3,\"name\":\"Liederkiste\"}]},{\"@type\":\"WebSite\",\"@id\":\"https:\\\/\\\/dasfischerboot.de\\\/#website\",\"url\":\"https:\\\/\\\/dasfischerboot.de\\\/\",\"name\":\"Das Fischerboot\",\"description\":\"Kinder- und Jugendtreff am Strand in Schillig\",\"publisher\":{\"@id\":\"https:\\\/\\\/dasfischerboot.de\\\/#organization\"},\"potentialAction\":[{\"@type\":\"SearchAction\",\"target\":{\"@type\":\"EntryPoint\",\"urlTemplate\":\"https:\\\/\\\/dasfischerboot.de\\\/?s={search_term_string}\"},\"query-input\":{\"@type\":\"PropertyValueSpecification\",\"valueRequired\":true,\"valueName\":\"search_term_string\"}}],\"inLanguage\":\"en-US\"},{\"@type\":\"Organization\",\"@id\":\"https:\\\/\\\/dasfischerboot.de\\\/#organization\",\"name\":\"Das Fischerboot\",\"url\":\"https:\\\/\\\/dasfischerboot.de\\\/\",\"logo\":{\"@type\":\"ImageObject\",\"inLanguage\":\"en-US\",\"@id\":\"https:\\\/\\\/dasfischerboot.de\\\/#\\\/schema\\\/logo\\\/image\\\/\",\"url\":\"https:\\\/\\\/dasfischerboot.de\\\/wp-content\\\/uploads\\\/Fischerboot-Logo-1.png\",\"contentUrl\":\"https:\\\/\\\/dasfischerboot.de\\\/wp-content\\\/uploads\\\/Fischerboot-Logo-1.png\",\"width\":1500,\"height\":664,\"caption\":\"Das Fischerboot\"},\"image\":{\"@id\":\"https:\\\/\\\/dasfischerboot.de\\\/#\\\/schema\\\/logo\\\/image\\\/\"}}]}<\/script>\n<!-- \/ Yoast SEO plugin. -->","yoast_head_json":{"title":"Liederkiste - Das Fischerboot","robots":{"index":"index","follow":"follow","max-snippet":"max-snippet:-1","max-image-preview":"max-image-preview:large","max-video-preview":"max-video-preview:-1"},"canonical":"https:\/\/dasfischerboot.de\/en\/angebote\/liederkiste\/","og_locale":"en_US","og_type":"article","og_title":"Liederkiste - Das Fischerboot","og_description":"Liederkiste Fischerboot-CD &#8211; online und offline! Endlich gibt es einige der Fischerbootlieder auf CD! Ihr k\u00f6nnt die CD zum Selbstkostenpreis von 5\u20ac inklusive Versand \u00fcber das Kontaktformular bestellen, wir schicken Euch dann die Bankverbindung zu. Alternativ k\u00f6nnt ihr auch&nbsp;\u00fcber diesen Link direkt via PayPal bestellen. CD Streamen Ihr k\u00f6nnt die Fischerboot-CD auch auf vielen Plattformen [&hellip;]","og_url":"https:\/\/dasfischerboot.de\/en\/angebote\/liederkiste\/","og_site_name":"Das Fischerboot","article_modified_time":"2022-06-11T17:38:49+00:00","og_image":[{"url":"https:\/\/dev.dasfischerboot.de\/wp-content\/uploads\/Liederkiste.png","type":"","width":"","height":""}],"twitter_card":"summary_large_image","twitter_misc":{"Est. reading time":"1 minute"},"schema":{"@context":"https:\/\/schema.org","@graph":[{"@type":"WebPage","@id":"https:\/\/dasfischerboot.de\/angebote\/liederkiste\/","url":"https:\/\/dasfischerboot.de\/angebote\/liederkiste\/","name":"Liederkiste - Das Fischerboot","isPartOf":{"@id":"https:\/\/dasfischerboot.de\/#website"},"primaryImageOfPage":{"@id":"https:\/\/dasfischerboot.de\/angebote\/liederkiste\/#primaryimage"},"image":{"@id":"https:\/\/dasfischerboot.de\/angebote\/liederkiste\/#primaryimage"},"thumbnailUrl":"https:\/\/dev.dasfischerboot.de\/wp-content\/uploads\/Liederkiste.png","datePublished":"2022-04-11T09:22:02+00:00","dateModified":"2022-06-11T17:38:49+00:00","breadcrumb":{"@id":"https:\/\/dasfischerboot.de\/angebote\/liederkiste\/#breadcrumb"},"inLanguage":"en-US","potentialAction":[{"@type":"ReadAction","target":["https:\/\/dasfischerboot.de\/angebote\/liederkiste\/"]}]},{"@type":"ImageObject","inLanguage":"en-US","@id":"https:\/\/dasfischerboot.de\/angebote\/liederkiste\/#primaryimage","url":"https:\/\/dev.dasfischerboot.de\/wp-content\/uploads\/Liederkiste.png","contentUrl":"https:\/\/dev.dasfischerboot.de\/wp-content\/uploads\/Liederkiste.png"},{"@type":"BreadcrumbList","@id":"https:\/\/dasfischerboot.de\/angebote\/liederkiste\/#breadcrumb","itemListElement":[{"@type":"ListItem","position":1,"name":"Startseite","item":"https:\/\/dasfischerboot.de\/"},{"@type":"ListItem","position":2,"name":"Angebote","item":"https:\/\/dasfischerboot.de\/angebote\/"},{"@type":"ListItem","position":3,"name":"Liederkiste"}]},{"@type":"WebSite","@id":"https:\/\/dasfischerboot.de\/#website","url":"https:\/\/dasfischerboot.de\/","name":"Das Fischerboot","description":"Kinder- und Jugendtreff am Strand in Schillig","publisher":{"@id":"https:\/\/dasfischerboot.de\/#organization"},"potentialAction":[{"@type":"SearchAction","target":{"@type":"EntryPoint","urlTemplate":"https:\/\/dasfischerboot.de\/?s={search_term_string}"},"query-input":{"@type":"PropertyValueSpecification","valueRequired":true,"valueName":"search_term_string"}}],"inLanguage":"en-US"},{"@type":"Organization","@id":"https:\/\/dasfischerboot.de\/#organization","name":"Das Fischerboot","url":"https:\/\/dasfischerboot.de\/","logo":{"@type":"ImageObject","inLanguage":"en-US","@id":"https:\/\/dasfischerboot.de\/#\/schema\/logo\/image\/","url":"https:\/\/dasfischerboot.de\/wp-content\/uploads\/Fischerboot-Logo-1.png","contentUrl":"https:\/\/dasfischerboot.de\/wp-content\/uploads\/Fischerboot-Logo-1.png","width":1500,"height":664,"caption":"Das Fischerboot"},"image":{"@id":"https:\/\/dasfischerboot.de\/#\/schema\/logo\/image\/"}}]}},"_links":{"self":[{"href":"https:\/\/dasfischerboot.de\/en\/wp-json\/wp\/v2\/pages\/1922","targetHints":{"allow":["GET"]}}],"collection":[{"href":"https:\/\/dasfischerboot.de\/en\/wp-json\/wp\/v2\/pages"}],"about":[{"href":"https:\/\/dasfischerboot.de\/en\/wp-json\/wp\/v2\/types\/page"}],"author":[{"embeddable":true,"href":"https:\/\/dasfischerboot.de\/en\/wp-json\/wp\/v2\/users\/1"}],"replies":[{"embeddable":true,"href":"https:\/\/dasfischerboot.de\/en\/wp-json\/wp\/v2\/comments?post=1922"}],"version-history":[{"count":70,"href":"https:\/\/dasfischerboot.de\/en\/wp-json\/wp\/v2\/pages\/1922\/revisions"}],"predecessor-version":[{"id":2515,"href":"https:\/\/dasfischerboot.de\/en\/wp-json\/wp\/v2\/pages\/1922\/revisions\/2515"}],"up":[{"embeddable":true,"href":"https:\/\/dasfischerboot.de\/en\/wp-json\/wp\/v2\/pages\/1611"}],"wp:attachment":[{"href":"https:\/\/dasfischerboot.de\/en\/wp-json\/wp\/v2\/media?parent=1922"}],"curies":[{"name":"wp","href":"https:\/\/api.w.org\/{rel}","templated":true}]}}