{"id":20,"date":"2014-09-30T09:32:41","date_gmt":"2014-09-30T07:32:41","guid":{"rendered":"http:\/\/unglaublich-glaubhaft.de\/?page_id=20"},"modified":"2026-01-06T20:44:43","modified_gmt":"2026-01-06T20:44:43","slug":"impressum","status":"publish","type":"page","link":"https:\/\/dasfischerboot.de\/en\/impressum\/","title":{"rendered":"Impressum"},"content":{"rendered":"<div data-elementor-type=\"wp-page\" data-elementor-id=\"20\" class=\"elementor elementor-20\" data-elementor-post-type=\"page\">\n\t\t\t\t\t\t<section class=\"elementor-section elementor-top-section elementor-element elementor-element-43c87abe elementor-section-boxed elementor-section-height-default elementor-section-height-default\" data-id=\"43c87abe\" data-element_type=\"section\" data-e-type=\"section\">\n\t\t\t\t\t\t<div class=\"elementor-container elementor-column-gap-default\">\n\t\t\t\t\t<div class=\"elementor-column elementor-col-100 elementor-top-column elementor-element elementor-element-32afce21\" data-id=\"32afce21\" data-element_type=\"column\" data-e-type=\"column\">\n\t\t\t<div class=\"elementor-widget-wrap elementor-element-populated\">\n\t\t\t\t\t\t<div class=\"elementor-element elementor-element-7ed6786 elementor-hidden-mobile elementor-widget elementor-widget-spacer\" data-id=\"7ed6786\" data-element_type=\"widget\" data-e-type=\"widget\" data-widget_type=\"spacer.default\">\n\t\t\t\t\t\t\t<div class=\"elementor-spacer\">\n\t\t\t<div class=\"elementor-spacer-inner\"><\/div>\n\t\t<\/div>\n\t\t\t\t\t\t<\/div>\n\t\t\t\t<div class=\"elementor-element elementor-element-75303c8 elementor-widget elementor-widget-heading\" data-id=\"75303c8\" data-element_type=\"widget\" data-e-type=\"widget\" data-widget_type=\"heading.default\">\n\t\t\t\t\t<h1 class=\"elementor-heading-title elementor-size-default\">IMPRESSUM<\/h1>\t\t\t\t<\/div>\n\t\t\t\t<div class=\"elementor-element elementor-element-fe78e30 elementor-widget elementor-widget-heading\" data-id=\"fe78e30\" data-element_type=\"widget\" data-e-type=\"widget\" data-widget_type=\"heading.default\">\n\t\t\t\t\t<h2 class=\"elementor-heading-title elementor-size-default\">Angaben gem\u00e4\u00df \u00a7 5 TMG<\/h2>\t\t\t\t<\/div>\n\t\t\t\t<div class=\"elementor-element elementor-element-3cfd2d3b elementor-widget elementor-widget-text-editor\" data-id=\"3cfd2d3b\" data-element_type=\"widget\" data-e-type=\"widget\" data-widget_type=\"text-editor.default\">\n\t\t\t\t\t\t\t\t\t<p>Inhaltlich Verantwortlicher und finanzieller Tr\u00e4ger f\u00fcr die Aktion Fischerboot:<\/p><p>Biblische Glaubensimpulse e.V.<br \/>Aktion Fischerboot<br \/><span style=\"font-size: 1rem;\">Daniel Bauer und Tobias Bluhm<\/span><\/p><p>Leimstra\u00dfe 15<br \/><span style=\"font-size: 1rem;\">58124 Hagen<\/span><\/p><div><span style=\"font-size: 1rem;\">Deutschland<\/span><\/div><p>T: +49177 8064367<br \/>info@dasfischerboot.de<\/p><h3>WEBDESIGN<\/h3><p>DANIEL B\u00dcSCHER<br \/>STRATEGISCHES DESIGN<br \/><a href=\"http:\/\/www.danielbuescher.de\" target=\"_blank\" rel=\"noopener\">www.danielbuescher.de\u00a0<\/a><\/p>\t\t\t\t\t\t\t\t<\/div>\n\t\t\t\t<div class=\"elementor-element elementor-element-5c559a0 elementor-widget elementor-widget-text-editor\" data-id=\"5c559a0\" data-element_type=\"widget\" data-e-type=\"widget\" data-widget_type=\"text-editor.default\">\n\t\t\t\t\t\t\t\t\t<h3><span style=\"color: inherit; font-family: inherit; font-size: 1.75rem;\">HAFTUNG F\u00dcR INHALTE<\/span><\/h3><p>Die Inhalte unserer Seiten wurden mit gr\u00f6\u00dfter Sorgfalt erstellt. F\u00fcr die Richtigkeit, Vollst\u00e4ndigkeit und Aktualit\u00e4t der Inhalte k\u00f6nnen wir jedoch keine Gew\u00e4hr \u00fcbernehmen. Als Diensteanbieter sind wir gem\u00e4\u00df \u00a7 6 Abs.1 MDStV und \u00a7 8 Abs.1 TDG f\u00fcr eigene Inhalte auf diesen Seiten nach den allgemeinen Gesetzen verantwortlich. Diensteanbieter sind jedoch nicht verpflichtet, die von ihnen \u00fcbermittelten oder gespeicherten fremden Informationen zu \u00fcberwachen oder nach Umst\u00e4nden zu forschen, die auf eine rechtswidrige T\u00e4tigkeit hinweisen. Verpflichtungen zur Entfernung oder Sperrung der Nutzung von Informationen nach den allgemeinen Gesetzen bleiben hiervon unber\u00fchrt. Eine diesbez\u00fcgliche Haftung ist jedoch erst ab dem Zeitpunkt der Kenntnis einer konkreten Rechtsverletzung m\u00f6glich. Bei bekannt werden von entsprechenden Rechtsverletzungen werden wir diese Inhalte umgehend entfernen.<\/p><h3>HAFTUNG F\u00dcR LINKS<\/h3><p>Unser Angebot enth\u00e4lt Links zu externen Webseiten Dritter, auf deren Inhalte wir keinen Einfluss haben. Deshalb k\u00f6nnen wir f\u00fcr diese fremden Inhalte auch keine Gew\u00e4hr \u00fcbernehmen. F\u00fcr die Inhalte der verlinkten Seiten ist stets der jeweilige Anbieter oder Betreiber der Seiten verantwortlich. Die verlinkten Seiten wurden zum Zeitpunkt der Verlinkung auf m\u00f6gliche Rechtsverst\u00f6\u00dfe \u00fcberpr\u00fcft. Rechtswidrige Inhalte waren zum Zeitpunkt der Verlinkung nicht erkennbar. Eine permanente inhaltliche Kontrolle der verlinkten Seiten ist jedoch ohne konkrete Anhaltspunkte einer Rechtsverletzung nicht zumutbar. Bei bekannt werden von Rechtsverletzungen werden wir derartige Links umgehend entfernen.<\/p><h3>URHEBERRECHT<\/h3><p>Die Betreiber der Seiten sind bem\u00fcht, stets die Urheberrechte anderer zu beachten bzw. auf selbst erstellte sowie lizenzfreie Werke zur\u00fcckzugreifen. Die durch die Seitenbetreiber erstellten Inhalte und Werke auf diesen Seiten unterliegen dem deutschen Urheberrecht. Beitr\u00e4ge Dritter sind als solche gekennzeichnet. Die Vervielf\u00e4ltigung, Bearbeitung, Verbreitung und jede Art der Verwertung au\u00dferhalb der Grenzen des Urheberrechtes bed\u00fcrfen der schriftlichen Zustimmung des jeweiligen Autors bzw. Erstellers. Downloads und Kopien dieser Seite sind nur f\u00fcr den privaten, nicht kommerziellen Gebrauch gestattet.<\/p><h3>STREITBEILEGUNG<\/h3><p>Alternative Streitbeilegung gem\u00e4\u00df Art. 14 Abs. 1 ODR-VO und \u00a7 36 VSBG:<\/p><p>Die Europ\u00e4ische Kommission stellt eine Plattform zur Online-Streitbeilegung (OS) bereit, die du unter http:\/\/ec.europa.eu\/consumers\/odr\/ findest. Zur Teilnahme an einem Streitbeilegungsverfahren vor einer Verbraucherschlichtungsstelle sind wir nicht verpflichtet und nicht bereit.<\/p><p>\u00a0<\/p><p>\u00a0<\/p><p><em>Quelle: Disclaimer von Anwalt S\u00f6ren Siebert<\/em><\/p><p><em>\u00a0<\/em><\/p><p><em>\u00a0<\/em><\/p>\t\t\t\t\t\t\t\t<\/div>\n\t\t\t\t\t<\/div>\n\t\t<\/div>\n\t\t\t\t\t<\/div>\n\t\t<\/section>\n\t\t\t\t<\/div>","protected":false},"excerpt":{"rendered":"<p>IMPRESSUM Angaben gem\u00e4\u00df \u00a7 5 TMG Inhaltlich Verantwortlicher und finanzieller Tr\u00e4ger f\u00fcr die Aktion Fischerboot: Biblische Glaubensimpulse e.V.Aktion FischerbootDaniel Bauer und Tobias Bluhm Leimstra\u00dfe 1558124 Hagen Deutschland T: +49177 8064367info@dasfischerboot.de WEBDESIGN DANIEL B\u00dcSCHERSTRATEGISCHES DESIGNwww.danielbuescher.de\u00a0 HAFTUNG F\u00dcR INHALTE Die Inhalte unserer Seiten wurden mit gr\u00f6\u00dfter Sorgfalt erstellt. F\u00fcr die Richtigkeit, Vollst\u00e4ndigkeit und Aktualit\u00e4t der Inhalte k\u00f6nnen [&hellip;]<\/p>\n","protected":false},"author":1,"featured_media":0,"parent":0,"menu_order":0,"comment_status":"closed","ping_status":"closed","template":"","meta":{"footnotes":""},"class_list":["post-20","page","type-page","status-publish","hentry"],"acf":[],"yoast_head":"<!-- This site is optimized with the Yoast SEO plugin v27.5 - https:\/\/yoast.com\/product\/yoast-seo-wordpress\/ -->\n<title>Impressum - Das Fischerboot<\/title>\n<meta name=\"robots\" content=\"index, follow, max-snippet:-1, max-image-preview:large, max-video-preview:-1\" \/>\n<link rel=\"canonical\" href=\"https:\/\/dasfischerboot.de\/en\/impressum\/\" \/>\n<meta property=\"og:locale\" content=\"en_US\" \/>\n<meta property=\"og:type\" content=\"article\" \/>\n<meta property=\"og:title\" content=\"Impressum - Das Fischerboot\" \/>\n<meta property=\"og:description\" content=\"IMPRESSUM Angaben gem\u00e4\u00df \u00a7 5 TMG Inhaltlich Verantwortlicher und finanzieller Tr\u00e4ger f\u00fcr die Aktion Fischerboot: Biblische Glaubensimpulse e.V.Aktion FischerbootDaniel Bauer und Tobias Bluhm Leimstra\u00dfe 1558124 Hagen Deutschland T: +49177 8064367info@dasfischerboot.de WEBDESIGN DANIEL B\u00dcSCHERSTRATEGISCHES DESIGNwww.danielbuescher.de\u00a0 HAFTUNG F\u00dcR INHALTE Die Inhalte unserer Seiten wurden mit gr\u00f6\u00dfter Sorgfalt erstellt. F\u00fcr die Richtigkeit, Vollst\u00e4ndigkeit und Aktualit\u00e4t der Inhalte k\u00f6nnen [&hellip;]\" \/>\n<meta property=\"og:url\" content=\"https:\/\/dasfischerboot.de\/en\/impressum\/\" \/>\n<meta property=\"og:site_name\" content=\"Das Fischerboot\" \/>\n<meta property=\"article:modified_time\" content=\"2026-01-06T20:44:43+00:00\" \/>\n<meta name=\"twitter:card\" content=\"summary_large_image\" \/>\n<meta name=\"twitter:label1\" content=\"Est. reading time\" \/>\n\t<meta name=\"twitter:data1\" content=\"3 minutes\" \/>\n<script type=\"application\/ld+json\" class=\"yoast-schema-graph\">{\"@context\":\"https:\\\/\\\/schema.org\",\"@graph\":[{\"@type\":\"WebPage\",\"@id\":\"https:\\\/\\\/dasfischerboot.de\\\/impressum\\\/\",\"url\":\"https:\\\/\\\/dasfischerboot.de\\\/impressum\\\/\",\"name\":\"Impressum - Das Fischerboot\",\"isPartOf\":{\"@id\":\"https:\\\/\\\/dasfischerboot.de\\\/#website\"},\"datePublished\":\"2014-09-30T07:32:41+00:00\",\"dateModified\":\"2026-01-06T20:44:43+00:00\",\"breadcrumb\":{\"@id\":\"https:\\\/\\\/dasfischerboot.de\\\/impressum\\\/#breadcrumb\"},\"inLanguage\":\"en-US\",\"potentialAction\":[{\"@type\":\"ReadAction\",\"target\":[\"https:\\\/\\\/dasfischerboot.de\\\/impressum\\\/\"]}]},{\"@type\":\"BreadcrumbList\",\"@id\":\"https:\\\/\\\/dasfischerboot.de\\\/impressum\\\/#breadcrumb\",\"itemListElement\":[{\"@type\":\"ListItem\",\"position\":1,\"name\":\"Startseite\",\"item\":\"https:\\\/\\\/dasfischerboot.de\\\/\"},{\"@type\":\"ListItem\",\"position\":2,\"name\":\"Impressum\"}]},{\"@type\":\"WebSite\",\"@id\":\"https:\\\/\\\/dasfischerboot.de\\\/#website\",\"url\":\"https:\\\/\\\/dasfischerboot.de\\\/\",\"name\":\"Das Fischerboot\",\"description\":\"Kinder- und Jugendtreff am Strand in Schillig\",\"publisher\":{\"@id\":\"https:\\\/\\\/dasfischerboot.de\\\/#organization\"},\"potentialAction\":[{\"@type\":\"SearchAction\",\"target\":{\"@type\":\"EntryPoint\",\"urlTemplate\":\"https:\\\/\\\/dasfischerboot.de\\\/?s={search_term_string}\"},\"query-input\":{\"@type\":\"PropertyValueSpecification\",\"valueRequired\":true,\"valueName\":\"search_term_string\"}}],\"inLanguage\":\"en-US\"},{\"@type\":\"Organization\",\"@id\":\"https:\\\/\\\/dasfischerboot.de\\\/#organization\",\"name\":\"Das Fischerboot\",\"url\":\"https:\\\/\\\/dasfischerboot.de\\\/\",\"logo\":{\"@type\":\"ImageObject\",\"inLanguage\":\"en-US\",\"@id\":\"https:\\\/\\\/dasfischerboot.de\\\/#\\\/schema\\\/logo\\\/image\\\/\",\"url\":\"https:\\\/\\\/dasfischerboot.de\\\/wp-content\\\/uploads\\\/Fischerboot-Logo-1.png\",\"contentUrl\":\"https:\\\/\\\/dasfischerboot.de\\\/wp-content\\\/uploads\\\/Fischerboot-Logo-1.png\",\"width\":1500,\"height\":664,\"caption\":\"Das Fischerboot\"},\"image\":{\"@id\":\"https:\\\/\\\/dasfischerboot.de\\\/#\\\/schema\\\/logo\\\/image\\\/\"}}]}<\/script>\n<!-- \/ Yoast SEO plugin. -->","yoast_head_json":{"title":"Impressum - Das Fischerboot","robots":{"index":"index","follow":"follow","max-snippet":"max-snippet:-1","max-image-preview":"max-image-preview:large","max-video-preview":"max-video-preview:-1"},"canonical":"https:\/\/dasfischerboot.de\/en\/impressum\/","og_locale":"en_US","og_type":"article","og_title":"Impressum - Das Fischerboot","og_description":"IMPRESSUM Angaben gem\u00e4\u00df \u00a7 5 TMG Inhaltlich Verantwortlicher und finanzieller Tr\u00e4ger f\u00fcr die Aktion Fischerboot: Biblische Glaubensimpulse e.V.Aktion FischerbootDaniel Bauer und Tobias Bluhm Leimstra\u00dfe 1558124 Hagen Deutschland T: +49177 8064367info@dasfischerboot.de WEBDESIGN DANIEL B\u00dcSCHERSTRATEGISCHES DESIGNwww.danielbuescher.de\u00a0 HAFTUNG F\u00dcR INHALTE Die Inhalte unserer Seiten wurden mit gr\u00f6\u00dfter Sorgfalt erstellt. F\u00fcr die Richtigkeit, Vollst\u00e4ndigkeit und Aktualit\u00e4t der Inhalte k\u00f6nnen [&hellip;]","og_url":"https:\/\/dasfischerboot.de\/en\/impressum\/","og_site_name":"Das Fischerboot","article_modified_time":"2026-01-06T20:44:43+00:00","twitter_card":"summary_large_image","twitter_misc":{"Est. reading time":"3 minutes"},"schema":{"@context":"https:\/\/schema.org","@graph":[{"@type":"WebPage","@id":"https:\/\/dasfischerboot.de\/impressum\/","url":"https:\/\/dasfischerboot.de\/impressum\/","name":"Impressum - Das Fischerboot","isPartOf":{"@id":"https:\/\/dasfischerboot.de\/#website"},"datePublished":"2014-09-30T07:32:41+00:00","dateModified":"2026-01-06T20:44:43+00:00","breadcrumb":{"@id":"https:\/\/dasfischerboot.de\/impressum\/#breadcrumb"},"inLanguage":"en-US","potentialAction":[{"@type":"ReadAction","target":["https:\/\/dasfischerboot.de\/impressum\/"]}]},{"@type":"BreadcrumbList","@id":"https:\/\/dasfischerboot.de\/impressum\/#breadcrumb","itemListElement":[{"@type":"ListItem","position":1,"name":"Startseite","item":"https:\/\/dasfischerboot.de\/"},{"@type":"ListItem","position":2,"name":"Impressum"}]},{"@type":"WebSite","@id":"https:\/\/dasfischerboot.de\/#website","url":"https:\/\/dasfischerboot.de\/","name":"Das Fischerboot","description":"Kinder- und Jugendtreff am Strand in Schillig","publisher":{"@id":"https:\/\/dasfischerboot.de\/#organization"},"potentialAction":[{"@type":"SearchAction","target":{"@type":"EntryPoint","urlTemplate":"https:\/\/dasfischerboot.de\/?s={search_term_string}"},"query-input":{"@type":"PropertyValueSpecification","valueRequired":true,"valueName":"search_term_string"}}],"inLanguage":"en-US"},{"@type":"Organization","@id":"https:\/\/dasfischerboot.de\/#organization","name":"Das Fischerboot","url":"https:\/\/dasfischerboot.de\/","logo":{"@type":"ImageObject","inLanguage":"en-US","@id":"https:\/\/dasfischerboot.de\/#\/schema\/logo\/image\/","url":"https:\/\/dasfischerboot.de\/wp-content\/uploads\/Fischerboot-Logo-1.png","contentUrl":"https:\/\/dasfischerboot.de\/wp-content\/uploads\/Fischerboot-Logo-1.png","width":1500,"height":664,"caption":"Das Fischerboot"},"image":{"@id":"https:\/\/dasfischerboot.de\/#\/schema\/logo\/image\/"}}]}},"_links":{"self":[{"href":"https:\/\/dasfischerboot.de\/en\/wp-json\/wp\/v2\/pages\/20","targetHints":{"allow":["GET"]}}],"collection":[{"href":"https:\/\/dasfischerboot.de\/en\/wp-json\/wp\/v2\/pages"}],"about":[{"href":"https:\/\/dasfischerboot.de\/en\/wp-json\/wp\/v2\/types\/page"}],"author":[{"embeddable":true,"href":"https:\/\/dasfischerboot.de\/en\/wp-json\/wp\/v2\/users\/1"}],"replies":[{"embeddable":true,"href":"https:\/\/dasfischerboot.de\/en\/wp-json\/wp\/v2\/comments?post=20"}],"version-history":[{"count":5,"href":"https:\/\/dasfischerboot.de\/en\/wp-json\/wp\/v2\/pages\/20\/revisions"}],"predecessor-version":[{"id":19041,"href":"https:\/\/dasfischerboot.de\/en\/wp-json\/wp\/v2\/pages\/20\/revisions\/19041"}],"wp:attachment":[{"href":"https:\/\/dasfischerboot.de\/en\/wp-json\/wp\/v2\/media?parent=20"}],"curies":[{"name":"wp","href":"https:\/\/api.w.org\/{rel}","templated":true}]}}