{"id":2029,"date":"2022-04-18T20:06:16","date_gmt":"2022-04-18T20:06:16","guid":{"rendered":"https:\/\/dev.dasfischerboot.de\/?page_id=2029"},"modified":"2025-01-28T12:36:24","modified_gmt":"2025-01-28T12:36:24","slug":"jugend","status":"publish","type":"page","link":"https:\/\/dasfischerboot.de\/en\/jugend\/","title":{"rendered":"Jugend"},"content":{"rendered":"<div data-elementor-type=\"wp-page\" data-elementor-id=\"2029\" class=\"elementor elementor-2029\" data-elementor-post-type=\"page\">\n\t\t\t\t\t\t<section class=\"elementor-section elementor-top-section elementor-element elementor-element-f7ae014 elementor-section-boxed elementor-section-height-default elementor-section-height-default\" data-id=\"f7ae014\" data-element_type=\"section\" data-e-type=\"section\">\n\t\t\t\t\t\t<div class=\"elementor-container elementor-column-gap-default\">\n\t\t\t\t\t<div class=\"elementor-column elementor-col-100 elementor-top-column elementor-element elementor-element-7845484\" data-id=\"7845484\" data-element_type=\"column\" data-e-type=\"column\">\n\t\t\t<div class=\"elementor-widget-wrap elementor-element-populated\">\n\t\t\t\t\t\t<div class=\"elementor-element elementor-element-4138999 elementor-hidden-mobile elementor-widget elementor-widget-spacer\" data-id=\"4138999\" data-element_type=\"widget\" data-e-type=\"widget\" data-widget_type=\"spacer.default\">\n\t\t\t\t\t\t\t<div class=\"elementor-spacer\">\n\t\t\t<div class=\"elementor-spacer-inner\"><\/div>\n\t\t<\/div>\n\t\t\t\t\t\t<\/div>\n\t\t\t\t<div class=\"elementor-element elementor-element-871f8c9 elementor-widget elementor-widget-heading\" data-id=\"871f8c9\" data-element_type=\"widget\" data-e-type=\"widget\" data-widget_type=\"heading.default\">\n\t\t\t\t\t<h2 class=\"elementor-heading-title elementor-size-default\">Unsere Angebote f\u00fcr<\/h2>\t\t\t\t<\/div>\n\t\t\t\t<div class=\"elementor-element elementor-element-8c1ccbe elementor-widget elementor-widget-heading\" data-id=\"8c1ccbe\" data-element_type=\"widget\" data-e-type=\"widget\" data-widget_type=\"heading.default\">\n\t\t\t\t\t<h1 class=\"elementor-heading-title elementor-size-default\">Jugendliche<\/h1>\t\t\t\t<\/div>\n\t\t\t\t<section class=\"elementor-section elementor-inner-section elementor-element elementor-element-5291b67 elementor-section-boxed elementor-section-height-default elementor-section-height-default\" data-id=\"5291b67\" data-element_type=\"section\" data-e-type=\"section\">\n\t\t\t\t\t\t<div class=\"elementor-container elementor-column-gap-default\">\n\t\t\t\t\t<div class=\"elementor-column elementor-col-50 elementor-inner-column elementor-element elementor-element-060fcca\" data-id=\"060fcca\" data-element_type=\"column\" data-e-type=\"column\">\n\t\t\t<div class=\"elementor-widget-wrap elementor-element-populated\">\n\t\t\t\t\t\t<div class=\"elementor-element elementor-element-4f9e6e3 elementor-arrows-position-inside elementor-widget elementor-widget-image-carousel\" data-id=\"4f9e6e3\" data-element_type=\"widget\" data-e-type=\"widget\" data-settings=\"{&quot;slides_to_show&quot;:&quot;1&quot;,&quot;navigation&quot;:&quot;arrows&quot;,&quot;pause_on_hover&quot;:&quot;no&quot;,&quot;pause_on_interaction&quot;:&quot;no&quot;,&quot;autoplay_speed&quot;:3000,&quot;autoplay&quot;:&quot;yes&quot;,&quot;infinite&quot;:&quot;yes&quot;,&quot;effect&quot;:&quot;slide&quot;,&quot;speed&quot;:500}\" data-widget_type=\"image-carousel.default\">\n\t\t\t\t\t\t\t<div class=\"elementor-image-carousel-wrapper swiper\" role=\"region\" aria-roledescription=\"carousel\" aria-label=\"Bild Karussell\" dir=\"ltr\">\n\t\t\t<div class=\"elementor-image-carousel swiper-wrapper\" aria-live=\"off\">\n\t\t\t\t\t\t\t\t<div class=\"swiper-slide\" role=\"group\" aria-roledescription=\"slide\" aria-label=\"1 of 2\"><figure class=\"swiper-slide-inner\"><img decoding=\"async\" class=\"swiper-slide-image\" src=\"https:\/\/dasfischerboot.de\/wp-content\/uploads\/Meetingpoint_Fischerboot-Schillig-768x512.jpg\" alt=\"Meetingpoint_Fischerboot-Schillig\" \/><\/figure><\/div><div class=\"swiper-slide\" role=\"group\" aria-roledescription=\"slide\" aria-label=\"2 of 2\"><figure class=\"swiper-slide-inner\"><img decoding=\"async\" class=\"swiper-slide-image\" src=\"https:\/\/dasfischerboot.de\/wp-content\/uploads\/Meetingpoint02_Fischerboot-Schillig-768x512.jpg\" alt=\"Meetingpoint02_Fischerboot-Schillig\" \/><\/figure><\/div>\t\t\t<\/div>\n\t\t\t\t\t\t\t\t\t\t\t\t<div class=\"elementor-swiper-button elementor-swiper-button-prev\" role=\"button\" tabindex=\"0\">\n\t\t\t\t\t\t<i aria-hidden=\"true\" class=\"eicon-chevron-left\"><\/i>\t\t\t\t\t<\/div>\n\t\t\t\t\t<div class=\"elementor-swiper-button elementor-swiper-button-next\" role=\"button\" tabindex=\"0\">\n\t\t\t\t\t\t<i aria-hidden=\"true\" class=\"eicon-chevron-right\"><\/i>\t\t\t\t\t<\/div>\n\t\t\t\t\n\t\t\t\t\t\t\t\t\t<\/div>\n\t\t\t\t\t\t<\/div>\n\t\t\t\t\t<\/div>\n\t\t<\/div>\n\t\t\t\t<div class=\"elementor-column elementor-col-50 elementor-inner-column elementor-element elementor-element-73dadc7\" data-id=\"73dadc7\" data-element_type=\"column\" data-e-type=\"column\">\n\t\t\t<div class=\"elementor-widget-wrap elementor-element-populated\">\n\t\t\t\t\t\t<div class=\"elementor-element elementor-element-0d110c6 elementor-widget elementor-widget-heading\" data-id=\"0d110c6\" data-element_type=\"widget\" data-e-type=\"widget\" data-widget_type=\"heading.default\">\n\t\t\t\t\t<h2 class=\"elementor-heading-title elementor-size-default\">Meeting Point<\/h2>\t\t\t\t<\/div>\n\t\t\t\t<div class=\"elementor-element elementor-element-03c368f elementor-widget elementor-widget-heading\" data-id=\"03c368f\" data-element_type=\"widget\" data-e-type=\"widget\" data-widget_type=\"heading.default\">\n\t\t\t\t\t<h5 class=\"elementor-heading-title elementor-size-default\">Sonntag bis Dienstag sowie <br>Donnerstag und Freitag ab 19.30 Uhr<\/h5>\t\t\t\t<\/div>\n\t\t\t\t<div class=\"elementor-element elementor-element-9ca2552 elementor-widget elementor-widget-text-editor\" data-id=\"9ca2552\" data-element_type=\"widget\" data-e-type=\"widget\" data-widget_type=\"text-editor.default\">\n\t\t\t\t\t\t\t\t\t<p>Reden, abh\u00e4ngen, chillen, spielen, Input bekommen zu Themen mit Tiefgang rund um die Bibel und das Leben &#8211; f\u00fcr Jugendliche ab 12 Jahren im Meeting Point.\u00a0<\/p><p>Von 19.30 bis 22 Uhr im Veranstaltungszelt.<\/p><p>Herzlich Willkommen.\u00a0<\/p>\t\t\t\t\t\t\t\t<\/div>\n\t\t\t\t\t<\/div>\n\t\t<\/div>\n\t\t\t\t\t<\/div>\n\t\t<\/section>\n\t\t\t\t<section class=\"elementor-section elementor-inner-section elementor-element elementor-element-d96f048 elementor-reverse-mobile elementor-section-boxed elementor-section-height-default elementor-section-height-default\" data-id=\"d96f048\" data-element_type=\"section\" data-e-type=\"section\">\n\t\t\t\t\t\t<div class=\"elementor-container elementor-column-gap-default\">\n\t\t\t\t\t<div class=\"elementor-column elementor-col-50 elementor-inner-column elementor-element elementor-element-395d370\" data-id=\"395d370\" data-element_type=\"column\" data-e-type=\"column\">\n\t\t\t<div class=\"elementor-widget-wrap elementor-element-populated\">\n\t\t\t\t\t\t<div class=\"elementor-element elementor-element-db7f207 elementor-widget elementor-widget-heading\" data-id=\"db7f207\" data-element_type=\"widget\" data-e-type=\"widget\" data-widget_type=\"heading.default\">\n\t\t\t\t\t<h2 class=\"elementor-heading-title elementor-size-default\">Sonderaktionen<\/h2>\t\t\t\t<\/div>\n\t\t\t\t<div class=\"elementor-element elementor-element-36a121a elementor-widget elementor-widget-heading\" data-id=\"36a121a\" data-element_type=\"widget\" data-e-type=\"widget\" data-widget_type=\"heading.default\">\n\t\t\t\t\t<h5 class=\"elementor-heading-title elementor-size-default\">Montag bis Freitag - Nach Ank\u00fcndigung<\/h5>\t\t\t\t<\/div>\n\t\t\t\t<div class=\"elementor-element elementor-element-c3c2385 elementor-widget elementor-widget-text-editor\" data-id=\"c3c2385\" data-element_type=\"widget\" data-e-type=\"widget\" data-widget_type=\"text-editor.default\">\n\t\t\t\t\t\t\t\t\t<p>Sonderaktionen wie zum Beispiel Fu\u00dfball oder Volleyball am Strand <span style=\"font-size: 1rem;\">gibt es zudem\u00a0<\/span><span style=\"font-size: 1rem;\">f\u00fcr Jugendliche 16+.<\/span><\/p><p><span style=\"font-size: 1rem;\">Ob in der aktuellen Woche etwas geht, findest du unter <a href=\"\/en\/news\/\">News.<\/a><\/span><\/p>\t\t\t\t\t\t\t\t<\/div>\n\t\t\t\t\t<\/div>\n\t\t<\/div>\n\t\t\t\t<div class=\"elementor-column elementor-col-50 elementor-inner-column elementor-element elementor-element-0f9731f\" data-id=\"0f9731f\" data-element_type=\"column\" data-e-type=\"column\">\n\t\t\t<div class=\"elementor-widget-wrap elementor-element-populated\">\n\t\t\t\t\t\t<div class=\"elementor-element elementor-element-f35c747 elementor-widget elementor-widget-image-carousel\" data-id=\"f35c747\" data-element_type=\"widget\" data-e-type=\"widget\" data-settings=\"{&quot;slides_to_show&quot;:&quot;1&quot;,&quot;navigation&quot;:&quot;none&quot;,&quot;autoplay&quot;:&quot;yes&quot;,&quot;pause_on_hover&quot;:&quot;yes&quot;,&quot;pause_on_interaction&quot;:&quot;yes&quot;,&quot;autoplay_speed&quot;:5000,&quot;infinite&quot;:&quot;yes&quot;,&quot;effect&quot;:&quot;slide&quot;,&quot;speed&quot;:500}\" data-widget_type=\"image-carousel.default\">\n\t\t\t\t\t\t\t<div class=\"elementor-image-carousel-wrapper swiper\" role=\"region\" aria-roledescription=\"carousel\" aria-label=\"Bild Karussell\" dir=\"ltr\">\n\t\t\t<div class=\"elementor-image-carousel swiper-wrapper\" aria-live=\"off\">\n\t\t\t\t\t\t\t\t<div class=\"swiper-slide\" role=\"group\" aria-roledescription=\"slide\" aria-label=\"1 of 2\"><figure class=\"swiper-slide-inner\"><img decoding=\"async\" class=\"swiper-slide-image\" src=\"https:\/\/dasfischerboot.de\/wp-content\/uploads\/01-Sport_Fischerboot-Schillig-768x512.jpg\" alt=\"01-Sport_Fischerboot-Schillig\" \/><\/figure><\/div><div class=\"swiper-slide\" role=\"group\" aria-roledescription=\"slide\" aria-label=\"2 of 2\"><figure class=\"swiper-slide-inner\"><img decoding=\"async\" class=\"swiper-slide-image\" src=\"https:\/\/dasfischerboot.de\/wp-content\/uploads\/02-Sport_Fischerboot-Schillig-768x510.jpg\" alt=\"02-Sport_Fischerboot-Schillig\" \/><\/figure><\/div>\t\t\t<\/div>\n\t\t\t\t\t\t\t\n\t\t\t\t\t\t\t\t\t<\/div>\n\t\t\t\t\t\t<\/div>\n\t\t\t\t\t<\/div>\n\t\t<\/div>\n\t\t\t\t\t<\/div>\n\t\t<\/section>\n\t\t\t\t\t<\/div>\n\t\t<\/div>\n\t\t\t\t\t<\/div>\n\t\t<\/section>\n\t\t\t\t<section class=\"elementor-section elementor-top-section elementor-element elementor-element-8d9e8cc elementor-section-boxed elementor-section-height-default elementor-section-height-default\" data-id=\"8d9e8cc\" data-element_type=\"section\" data-e-type=\"section\">\n\t\t\t\t\t\t<div class=\"elementor-container elementor-column-gap-default\">\n\t\t\t\t\t<div class=\"elementor-column elementor-col-100 elementor-top-column elementor-element elementor-element-da22337\" data-id=\"da22337\" data-element_type=\"column\" data-e-type=\"column\">\n\t\t\t<div class=\"elementor-widget-wrap elementor-element-populated\">\n\t\t\t\t\t\t<div class=\"elementor-element elementor-element-19dac00 elementor-widget elementor-widget-spacer\" data-id=\"19dac00\" data-element_type=\"widget\" data-e-type=\"widget\" data-widget_type=\"spacer.default\">\n\t\t\t\t\t\t\t<div class=\"elementor-spacer\">\n\t\t\t<div class=\"elementor-spacer-inner\"><\/div>\n\t\t<\/div>\n\t\t\t\t\t\t<\/div>\n\t\t\t\t\t<\/div>\n\t\t<\/div>\n\t\t\t\t\t<\/div>\n\t\t<\/section>\n\t\t\t\t<\/div>","protected":false},"excerpt":{"rendered":"<p>Unsere Angebote f\u00fcr Jugendliche Meeting Point Sonntag bis Dienstag sowie Donnerstag und Freitag ab 19.30 Uhr Reden, abh\u00e4ngen, chillen, spielen, Input bekommen zu Themen mit Tiefgang rund um die Bibel und das Leben &#8211; f\u00fcr Jugendliche ab 12 Jahren im Meeting Point.\u00a0 Von 19.30 bis 22 Uhr im Veranstaltungszelt. Herzlich Willkommen.\u00a0 Sonderaktionen Montag bis Freitag [&hellip;]<\/p>\n","protected":false},"author":1,"featured_media":0,"parent":0,"menu_order":0,"comment_status":"closed","ping_status":"closed","template":"","meta":{"footnotes":""},"class_list":["post-2029","page","type-page","status-publish","hentry"],"acf":[],"yoast_head":"<!-- This site is optimized with the Yoast SEO plugin v27.5 - https:\/\/yoast.com\/product\/yoast-seo-wordpress\/ -->\n<title>Jugend - Das Fischerboot<\/title>\n<meta name=\"robots\" content=\"index, follow, max-snippet:-1, max-image-preview:large, max-video-preview:-1\" \/>\n<link rel=\"canonical\" href=\"https:\/\/dasfischerboot.de\/en\/jugend\/\" \/>\n<meta property=\"og:locale\" content=\"en_US\" \/>\n<meta property=\"og:type\" content=\"article\" \/>\n<meta property=\"og:title\" content=\"Jugend - Das Fischerboot\" \/>\n<meta property=\"og:description\" content=\"Unsere Angebote f\u00fcr Jugendliche Meeting Point Sonntag bis Dienstag sowie Donnerstag und Freitag ab 19.30 Uhr Reden, abh\u00e4ngen, chillen, spielen, Input bekommen zu Themen mit Tiefgang rund um die Bibel und das Leben &#8211; f\u00fcr Jugendliche ab 12 Jahren im Meeting Point.\u00a0 Von 19.30 bis 22 Uhr im Veranstaltungszelt. Herzlich Willkommen.\u00a0 Sonderaktionen Montag bis Freitag [&hellip;]\" \/>\n<meta property=\"og:url\" content=\"https:\/\/dasfischerboot.de\/en\/jugend\/\" \/>\n<meta property=\"og:site_name\" content=\"Das Fischerboot\" \/>\n<meta property=\"article:modified_time\" content=\"2025-01-28T12:36:24+00:00\" \/>\n<meta property=\"og:image\" content=\"https:\/\/dasfischerboot.de\/wp-content\/uploads\/Meetingpoint_Fischerboot-Schillig-768x512.jpg\" \/>\n<meta name=\"twitter:card\" content=\"summary_large_image\" \/>\n<meta name=\"twitter:label1\" content=\"Est. reading time\" \/>\n\t<meta name=\"twitter:data1\" content=\"3 minutes\" \/>\n<script type=\"application\/ld+json\" class=\"yoast-schema-graph\">{\"@context\":\"https:\\\/\\\/schema.org\",\"@graph\":[{\"@type\":\"WebPage\",\"@id\":\"https:\\\/\\\/dasfischerboot.de\\\/jugend\\\/\",\"url\":\"https:\\\/\\\/dasfischerboot.de\\\/jugend\\\/\",\"name\":\"Jugend - Das Fischerboot\",\"isPartOf\":{\"@id\":\"https:\\\/\\\/dasfischerboot.de\\\/#website\"},\"primaryImageOfPage\":{\"@id\":\"https:\\\/\\\/dasfischerboot.de\\\/jugend\\\/#primaryimage\"},\"image\":{\"@id\":\"https:\\\/\\\/dasfischerboot.de\\\/jugend\\\/#primaryimage\"},\"thumbnailUrl\":\"https:\\\/\\\/dasfischerboot.de\\\/wp-content\\\/uploads\\\/Meetingpoint_Fischerboot-Schillig-768x512.jpg\",\"datePublished\":\"2022-04-18T20:06:16+00:00\",\"dateModified\":\"2025-01-28T12:36:24+00:00\",\"breadcrumb\":{\"@id\":\"https:\\\/\\\/dasfischerboot.de\\\/jugend\\\/#breadcrumb\"},\"inLanguage\":\"en-US\",\"potentialAction\":[{\"@type\":\"ReadAction\",\"target\":[\"https:\\\/\\\/dasfischerboot.de\\\/jugend\\\/\"]}]},{\"@type\":\"ImageObject\",\"inLanguage\":\"en-US\",\"@id\":\"https:\\\/\\\/dasfischerboot.de\\\/jugend\\\/#primaryimage\",\"url\":\"https:\\\/\\\/dasfischerboot.de\\\/wp-content\\\/uploads\\\/Meetingpoint_Fischerboot-Schillig-768x512.jpg\",\"contentUrl\":\"https:\\\/\\\/dasfischerboot.de\\\/wp-content\\\/uploads\\\/Meetingpoint_Fischerboot-Schillig-768x512.jpg\"},{\"@type\":\"BreadcrumbList\",\"@id\":\"https:\\\/\\\/dasfischerboot.de\\\/jugend\\\/#breadcrumb\",\"itemListElement\":[{\"@type\":\"ListItem\",\"position\":1,\"name\":\"Startseite\",\"item\":\"https:\\\/\\\/dasfischerboot.de\\\/\"},{\"@type\":\"ListItem\",\"position\":2,\"name\":\"Jugend\"}]},{\"@type\":\"WebSite\",\"@id\":\"https:\\\/\\\/dasfischerboot.de\\\/#website\",\"url\":\"https:\\\/\\\/dasfischerboot.de\\\/\",\"name\":\"Das Fischerboot\",\"description\":\"Kinder- und Jugendtreff am Strand in Schillig\",\"publisher\":{\"@id\":\"https:\\\/\\\/dasfischerboot.de\\\/#organization\"},\"potentialAction\":[{\"@type\":\"SearchAction\",\"target\":{\"@type\":\"EntryPoint\",\"urlTemplate\":\"https:\\\/\\\/dasfischerboot.de\\\/?s={search_term_string}\"},\"query-input\":{\"@type\":\"PropertyValueSpecification\",\"valueRequired\":true,\"valueName\":\"search_term_string\"}}],\"inLanguage\":\"en-US\"},{\"@type\":\"Organization\",\"@id\":\"https:\\\/\\\/dasfischerboot.de\\\/#organization\",\"name\":\"Das Fischerboot\",\"url\":\"https:\\\/\\\/dasfischerboot.de\\\/\",\"logo\":{\"@type\":\"ImageObject\",\"inLanguage\":\"en-US\",\"@id\":\"https:\\\/\\\/dasfischerboot.de\\\/#\\\/schema\\\/logo\\\/image\\\/\",\"url\":\"https:\\\/\\\/dasfischerboot.de\\\/wp-content\\\/uploads\\\/Fischerboot-Logo-1.png\",\"contentUrl\":\"https:\\\/\\\/dasfischerboot.de\\\/wp-content\\\/uploads\\\/Fischerboot-Logo-1.png\",\"width\":1500,\"height\":664,\"caption\":\"Das Fischerboot\"},\"image\":{\"@id\":\"https:\\\/\\\/dasfischerboot.de\\\/#\\\/schema\\\/logo\\\/image\\\/\"}}]}<\/script>\n<!-- \/ Yoast SEO plugin. -->","yoast_head_json":{"title":"Jugend - Das Fischerboot","robots":{"index":"index","follow":"follow","max-snippet":"max-snippet:-1","max-image-preview":"max-image-preview:large","max-video-preview":"max-video-preview:-1"},"canonical":"https:\/\/dasfischerboot.de\/en\/jugend\/","og_locale":"en_US","og_type":"article","og_title":"Jugend - Das Fischerboot","og_description":"Unsere Angebote f\u00fcr Jugendliche Meeting Point Sonntag bis Dienstag sowie Donnerstag und Freitag ab 19.30 Uhr Reden, abh\u00e4ngen, chillen, spielen, Input bekommen zu Themen mit Tiefgang rund um die Bibel und das Leben &#8211; f\u00fcr Jugendliche ab 12 Jahren im Meeting Point.\u00a0 Von 19.30 bis 22 Uhr im Veranstaltungszelt. Herzlich Willkommen.\u00a0 Sonderaktionen Montag bis Freitag [&hellip;]","og_url":"https:\/\/dasfischerboot.de\/en\/jugend\/","og_site_name":"Das Fischerboot","article_modified_time":"2025-01-28T12:36:24+00:00","og_image":[{"url":"https:\/\/dasfischerboot.de\/wp-content\/uploads\/Meetingpoint_Fischerboot-Schillig-768x512.jpg","type":"","width":"","height":""}],"twitter_card":"summary_large_image","twitter_misc":{"Est. reading time":"3 minutes"},"schema":{"@context":"https:\/\/schema.org","@graph":[{"@type":"WebPage","@id":"https:\/\/dasfischerboot.de\/jugend\/","url":"https:\/\/dasfischerboot.de\/jugend\/","name":"Jugend - Das Fischerboot","isPartOf":{"@id":"https:\/\/dasfischerboot.de\/#website"},"primaryImageOfPage":{"@id":"https:\/\/dasfischerboot.de\/jugend\/#primaryimage"},"image":{"@id":"https:\/\/dasfischerboot.de\/jugend\/#primaryimage"},"thumbnailUrl":"https:\/\/dasfischerboot.de\/wp-content\/uploads\/Meetingpoint_Fischerboot-Schillig-768x512.jpg","datePublished":"2022-04-18T20:06:16+00:00","dateModified":"2025-01-28T12:36:24+00:00","breadcrumb":{"@id":"https:\/\/dasfischerboot.de\/jugend\/#breadcrumb"},"inLanguage":"en-US","potentialAction":[{"@type":"ReadAction","target":["https:\/\/dasfischerboot.de\/jugend\/"]}]},{"@type":"ImageObject","inLanguage":"en-US","@id":"https:\/\/dasfischerboot.de\/jugend\/#primaryimage","url":"https:\/\/dasfischerboot.de\/wp-content\/uploads\/Meetingpoint_Fischerboot-Schillig-768x512.jpg","contentUrl":"https:\/\/dasfischerboot.de\/wp-content\/uploads\/Meetingpoint_Fischerboot-Schillig-768x512.jpg"},{"@type":"BreadcrumbList","@id":"https:\/\/dasfischerboot.de\/jugend\/#breadcrumb","itemListElement":[{"@type":"ListItem","position":1,"name":"Startseite","item":"https:\/\/dasfischerboot.de\/"},{"@type":"ListItem","position":2,"name":"Jugend"}]},{"@type":"WebSite","@id":"https:\/\/dasfischerboot.de\/#website","url":"https:\/\/dasfischerboot.de\/","name":"Das Fischerboot","description":"Kinder- und Jugendtreff am Strand in Schillig","publisher":{"@id":"https:\/\/dasfischerboot.de\/#organization"},"potentialAction":[{"@type":"SearchAction","target":{"@type":"EntryPoint","urlTemplate":"https:\/\/dasfischerboot.de\/?s={search_term_string}"},"query-input":{"@type":"PropertyValueSpecification","valueRequired":true,"valueName":"search_term_string"}}],"inLanguage":"en-US"},{"@type":"Organization","@id":"https:\/\/dasfischerboot.de\/#organization","name":"Das Fischerboot","url":"https:\/\/dasfischerboot.de\/","logo":{"@type":"ImageObject","inLanguage":"en-US","@id":"https:\/\/dasfischerboot.de\/#\/schema\/logo\/image\/","url":"https:\/\/dasfischerboot.de\/wp-content\/uploads\/Fischerboot-Logo-1.png","contentUrl":"https:\/\/dasfischerboot.de\/wp-content\/uploads\/Fischerboot-Logo-1.png","width":1500,"height":664,"caption":"Das Fischerboot"},"image":{"@id":"https:\/\/dasfischerboot.de\/#\/schema\/logo\/image\/"}}]}},"_links":{"self":[{"href":"https:\/\/dasfischerboot.de\/en\/wp-json\/wp\/v2\/pages\/2029","targetHints":{"allow":["GET"]}}],"collection":[{"href":"https:\/\/dasfischerboot.de\/en\/wp-json\/wp\/v2\/pages"}],"about":[{"href":"https:\/\/dasfischerboot.de\/en\/wp-json\/wp\/v2\/types\/page"}],"author":[{"embeddable":true,"href":"https:\/\/dasfischerboot.de\/en\/wp-json\/wp\/v2\/users\/1"}],"replies":[{"embeddable":true,"href":"https:\/\/dasfischerboot.de\/en\/wp-json\/wp\/v2\/comments?post=2029"}],"version-history":[{"count":46,"href":"https:\/\/dasfischerboot.de\/en\/wp-json\/wp\/v2\/pages\/2029\/revisions"}],"predecessor-version":[{"id":3529,"href":"https:\/\/dasfischerboot.de\/en\/wp-json\/wp\/v2\/pages\/2029\/revisions\/3529"}],"wp:attachment":[{"href":"https:\/\/dasfischerboot.de\/en\/wp-json\/wp\/v2\/media?parent=2029"}],"curies":[{"name":"wp","href":"https:\/\/api.w.org\/{rel}","templated":true}]}}